{"id":3898,"date":"2023-11-24T12:35:50","date_gmt":"2023-11-24T12:35:50","guid":{"rendered":"https:\/\/manolesakis.gr\/oinos\/unkategorisiert\/exis-weiss-erlebnisbox\/"},"modified":"2023-11-24T12:35:50","modified_gmt":"2023-11-24T12:35:50","slug":"exis-weiss-erlebnisbox","status":"publish","type":"product","link":"https:\/\/manolesakis.gr\/de\/oinos\/wine-food-pairing-de\/exis-weiss-erlebnisbox\/","title":{"rendered":"EXIS WEISS ERLEBNISBOX"},"content":{"rendered":"<section class=\"wpb-content-wrapper\"><p>[vc_row equal_height=&#8220;yes&#8220; content_placement=&#8220;middle&#8220; css_animation=&#8220;&#8220; css=&#8220;.vc_custom_1636231000384{padding-top: 0px !important;padding-bottom: 0px !important;}&#8220;][vc_column css_animation=&#8220;&#8220; css=&#8220;.vc_custom_1678349907789{padding-top: 0px !important;padding-right: 10% !important;padding-bottom: 0px !important;padding-left: 10% !important;background-color: #121212 !important;}&#8220; offset=&#8220;vc_col-lg-12 vc_col-md-12&#8243;][vc_media_grid gap=&#8220;0&#8243; grid_id=&#8220;vc_gid:1700828584131-97070ed0-166a-10&#8243; include=&#8220;3390,3391,3392&#8243; css=&#8220;.vc_custom_1700829005616{padding-top: 30px !important;}&#8220;][\/vc_column][\/vc_row]<\/p>\n<\/section>","protected":false},"excerpt":{"rendered":"<p>Enth\u00e4lt: <\/p>\n<ul>\n<li><strong>1 Flasche Exis Wei\u00dfwein (750 ml), <\/strong><\/li>\n<li>Rohe N\u00fcsse (100 g),<\/li>\n<li>Trockenobst,<\/li>\n<li>Sesam-Crackers,<\/li>\n<li>Trahanas Griessuppe (250 g),<\/li>\n<li>Chutney (270gr),<\/li>\n<li>Schwarze Schatulle,<\/li>\n<li>Verkostungskarte<\/li>\n<\/ul>\n","protected":false},"featured_media":3899,"comment_status":"open","ping_status":"closed","template":"","meta":[],"product_cat":[88],"product_tag":[91],"class_list":{"0":"post-3898","1":"product","2":"type-product","3":"status-publish","4":"has-post-thumbnail","6":"product_cat-wine-food-pairing-de","7":"product_tag-basics-de","9":"first","10":"instock","11":"taxable","12":"shipping-taxable","13":"purchasable","14":"product-type-simple"},"acf":[],"yoast_head":"<!-- This site is optimized with the Yoast SEO plugin v26.8 - https:\/\/yoast.com\/product\/yoast-seo-wordpress\/ -->\n<title>EXIS WEISS ERLEBNISBOX | \u039a\u03c4\u03ae\u03bc\u03b1 \u039c\u03b1\u03bd\u03c9\u03bb\u03b5\u03c3\u03ac\u03ba\u03b7<\/title>\n<meta name=\"robots\" content=\"index, follow, max-snippet:-1, max-image-preview:large, max-video-preview:-1\" \/>\n<link rel=\"canonical\" href=\"https:\/\/manolesakis.gr\/oinos\/unkategorisiert\/exis-weiss-erlebnisbox\/\" \/>\n<meta property=\"og:locale\" content=\"de_DE\" \/>\n<meta property=\"og:type\" content=\"article\" \/>\n<meta property=\"og:title\" content=\"EXIS WEISS ERLEBNISBOX | \u039a\u03c4\u03ae\u03bc\u03b1 \u039c\u03b1\u03bd\u03c9\u03bb\u03b5\u03c3\u03ac\u03ba\u03b7\" \/>\n<meta property=\"og:description\" content=\"Enth\u00e4lt:  1 Flasche Exis Wei\u00dfwein (750 ml),  Rohe N\u00fcsse (100 g),  Trockenobst,  Sesam-Crackers,  Trahanas Griessuppe (250 g),  Chutney (270gr),  Schwarze Schatulle,  Verkostungskarte\" \/>\n<meta property=\"og:url\" content=\"https:\/\/manolesakis.gr\/oinos\/unkategorisiert\/exis-weiss-erlebnisbox\/\" \/>\n<meta property=\"og:site_name\" content=\"\u039a\u03c4\u03ae\u03bc\u03b1 \u039c\u03b1\u03bd\u03c9\u03bb\u03b5\u03c3\u03ac\u03ba\u03b7\" \/>\n<meta name=\"twitter:card\" content=\"summary_large_image\" \/>\n<script type=\"application\/ld+json\" class=\"yoast-schema-graph\">{\"@context\":\"https:\/\/schema.org\",\"@graph\":[{\"@type\":\"WebPage\",\"@id\":\"https:\/\/manolesakis.gr\/oinos\/unkategorisiert\/exis-weiss-erlebnisbox\/\",\"url\":\"https:\/\/manolesakis.gr\/oinos\/unkategorisiert\/exis-weiss-erlebnisbox\/\",\"name\":\"EXIS WEISS ERLEBNISBOX | \u039a\u03c4\u03ae\u03bc\u03b1 \u039c\u03b1\u03bd\u03c9\u03bb\u03b5\u03c3\u03ac\u03ba\u03b7\",\"isPartOf\":{\"@id\":\"https:\/\/manolesakis.gr\/#website\"},\"primaryImageOfPage\":{\"@id\":\"https:\/\/manolesakis.gr\/oinos\/unkategorisiert\/exis-weiss-erlebnisbox\/#primaryimage\"},\"image\":{\"@id\":\"https:\/\/manolesakis.gr\/oinos\/unkategorisiert\/exis-weiss-erlebnisbox\/#primaryimage\"},\"thumbnailUrl\":\"https:\/\/manolesakis.gr\/wp-content\/uploads\/2023\/11\/Box_\u0395xis_white-Medium.jpg\",\"datePublished\":\"2023-11-24T12:35:50+00:00\",\"breadcrumb\":{\"@id\":\"https:\/\/manolesakis.gr\/oinos\/unkategorisiert\/exis-weiss-erlebnisbox\/#breadcrumb\"},\"inLanguage\":\"de\",\"potentialAction\":[{\"@type\":\"ReadAction\",\"target\":[\"https:\/\/manolesakis.gr\/oinos\/unkategorisiert\/exis-weiss-erlebnisbox\/\"]}]},{\"@type\":\"ImageObject\",\"inLanguage\":\"de\",\"@id\":\"https:\/\/manolesakis.gr\/oinos\/unkategorisiert\/exis-weiss-erlebnisbox\/#primaryimage\",\"url\":\"https:\/\/manolesakis.gr\/wp-content\/uploads\/2023\/11\/Box_\u0395xis_white-Medium.jpg\",\"contentUrl\":\"https:\/\/manolesakis.gr\/wp-content\/uploads\/2023\/11\/Box_\u0395xis_white-Medium.jpg\",\"width\":1153,\"height\":768},{\"@type\":\"BreadcrumbList\",\"@id\":\"https:\/\/manolesakis.gr\/oinos\/unkategorisiert\/exis-weiss-erlebnisbox\/#breadcrumb\",\"itemListElement\":[{\"@type\":\"ListItem\",\"position\":1,\"name\":\"\u0391\u03c1\u03c7\u03b9\u03ba\u03ae\",\"item\":\"https:\/\/manolesakis.gr\/de\/homepage\/\"},{\"@type\":\"ListItem\",\"position\":2,\"name\":\"\u039a\u03c1\u03b1\u03c3\u03b9\u03ac\",\"item\":\"https:\/\/manolesakis.gr\/wines\/\"},{\"@type\":\"ListItem\",\"position\":3,\"name\":\"EXIS WEISS ERLEBNISBOX\"}]},{\"@type\":\"WebSite\",\"@id\":\"https:\/\/manolesakis.gr\/#website\",\"url\":\"https:\/\/manolesakis.gr\/\",\"name\":\"\u039a\u03c4\u03ae\u03bc\u03b1 \u039c\u03b1\u03bd\u03c9\u03bb\u03b5\u03c3\u03ac\u03ba\u03b7\",\"description\":\"\",\"publisher\":{\"@id\":\"https:\/\/manolesakis.gr\/#organization\"},\"potentialAction\":[{\"@type\":\"SearchAction\",\"target\":{\"@type\":\"EntryPoint\",\"urlTemplate\":\"https:\/\/manolesakis.gr\/?s={search_term_string}\"},\"query-input\":{\"@type\":\"PropertyValueSpecification\",\"valueRequired\":true,\"valueName\":\"search_term_string\"}}],\"inLanguage\":\"de\"},{\"@type\":\"Organization\",\"@id\":\"https:\/\/manolesakis.gr\/#organization\",\"name\":\"\u039a\u03c4\u03ae\u03bc\u03b1 \u039c\u03b1\u03bd\u03c9\u03bb\u03b5\u03c3\u03ac\u03ba\u03b7\",\"url\":\"https:\/\/manolesakis.gr\/\",\"logo\":{\"@type\":\"ImageObject\",\"inLanguage\":\"de\",\"@id\":\"https:\/\/manolesakis.gr\/#\/schema\/logo\/image\/\",\"url\":\"https:\/\/manolesakis.gr\/wp-content\/uploads\/2023\/01\/ESTATE-MANOLESAKIS.png\",\"contentUrl\":\"https:\/\/manolesakis.gr\/wp-content\/uploads\/2023\/01\/ESTATE-MANOLESAKIS.png\",\"width\":145,\"height\":145,\"caption\":\"\u039a\u03c4\u03ae\u03bc\u03b1 \u039c\u03b1\u03bd\u03c9\u03bb\u03b5\u03c3\u03ac\u03ba\u03b7\"},\"image\":{\"@id\":\"https:\/\/manolesakis.gr\/#\/schema\/logo\/image\/\"}}]}<\/script>\n<!-- \/ Yoast SEO plugin. -->","yoast_head_json":{"title":"EXIS WEISS ERLEBNISBOX | \u039a\u03c4\u03ae\u03bc\u03b1 \u039c\u03b1\u03bd\u03c9\u03bb\u03b5\u03c3\u03ac\u03ba\u03b7","robots":{"index":"index","follow":"follow","max-snippet":"max-snippet:-1","max-image-preview":"max-image-preview:large","max-video-preview":"max-video-preview:-1"},"canonical":"https:\/\/manolesakis.gr\/oinos\/unkategorisiert\/exis-weiss-erlebnisbox\/","og_locale":"de_DE","og_type":"article","og_title":"EXIS WEISS ERLEBNISBOX | \u039a\u03c4\u03ae\u03bc\u03b1 \u039c\u03b1\u03bd\u03c9\u03bb\u03b5\u03c3\u03ac\u03ba\u03b7","og_description":"Enth\u00e4lt:  1 Flasche Exis Wei\u00dfwein (750 ml),  Rohe N\u00fcsse (100 g),  Trockenobst,  Sesam-Crackers,  Trahanas Griessuppe (250 g),  Chutney (270gr),  Schwarze Schatulle,  Verkostungskarte","og_url":"https:\/\/manolesakis.gr\/oinos\/unkategorisiert\/exis-weiss-erlebnisbox\/","og_site_name":"\u039a\u03c4\u03ae\u03bc\u03b1 \u039c\u03b1\u03bd\u03c9\u03bb\u03b5\u03c3\u03ac\u03ba\u03b7","twitter_card":"summary_large_image","schema":{"@context":"https:\/\/schema.org","@graph":[{"@type":"WebPage","@id":"https:\/\/manolesakis.gr\/oinos\/unkategorisiert\/exis-weiss-erlebnisbox\/","url":"https:\/\/manolesakis.gr\/oinos\/unkategorisiert\/exis-weiss-erlebnisbox\/","name":"EXIS WEISS ERLEBNISBOX | \u039a\u03c4\u03ae\u03bc\u03b1 \u039c\u03b1\u03bd\u03c9\u03bb\u03b5\u03c3\u03ac\u03ba\u03b7","isPartOf":{"@id":"https:\/\/manolesakis.gr\/#website"},"primaryImageOfPage":{"@id":"https:\/\/manolesakis.gr\/oinos\/unkategorisiert\/exis-weiss-erlebnisbox\/#primaryimage"},"image":{"@id":"https:\/\/manolesakis.gr\/oinos\/unkategorisiert\/exis-weiss-erlebnisbox\/#primaryimage"},"thumbnailUrl":"https:\/\/manolesakis.gr\/wp-content\/uploads\/2023\/11\/Box_\u0395xis_white-Medium.jpg","datePublished":"2023-11-24T12:35:50+00:00","breadcrumb":{"@id":"https:\/\/manolesakis.gr\/oinos\/unkategorisiert\/exis-weiss-erlebnisbox\/#breadcrumb"},"inLanguage":"de","potentialAction":[{"@type":"ReadAction","target":["https:\/\/manolesakis.gr\/oinos\/unkategorisiert\/exis-weiss-erlebnisbox\/"]}]},{"@type":"ImageObject","inLanguage":"de","@id":"https:\/\/manolesakis.gr\/oinos\/unkategorisiert\/exis-weiss-erlebnisbox\/#primaryimage","url":"https:\/\/manolesakis.gr\/wp-content\/uploads\/2023\/11\/Box_\u0395xis_white-Medium.jpg","contentUrl":"https:\/\/manolesakis.gr\/wp-content\/uploads\/2023\/11\/Box_\u0395xis_white-Medium.jpg","width":1153,"height":768},{"@type":"BreadcrumbList","@id":"https:\/\/manolesakis.gr\/oinos\/unkategorisiert\/exis-weiss-erlebnisbox\/#breadcrumb","itemListElement":[{"@type":"ListItem","position":1,"name":"\u0391\u03c1\u03c7\u03b9\u03ba\u03ae","item":"https:\/\/manolesakis.gr\/de\/homepage\/"},{"@type":"ListItem","position":2,"name":"\u039a\u03c1\u03b1\u03c3\u03b9\u03ac","item":"https:\/\/manolesakis.gr\/wines\/"},{"@type":"ListItem","position":3,"name":"EXIS WEISS ERLEBNISBOX"}]},{"@type":"WebSite","@id":"https:\/\/manolesakis.gr\/#website","url":"https:\/\/manolesakis.gr\/","name":"\u039a\u03c4\u03ae\u03bc\u03b1 \u039c\u03b1\u03bd\u03c9\u03bb\u03b5\u03c3\u03ac\u03ba\u03b7","description":"","publisher":{"@id":"https:\/\/manolesakis.gr\/#organization"},"potentialAction":[{"@type":"SearchAction","target":{"@type":"EntryPoint","urlTemplate":"https:\/\/manolesakis.gr\/?s={search_term_string}"},"query-input":{"@type":"PropertyValueSpecification","valueRequired":true,"valueName":"search_term_string"}}],"inLanguage":"de"},{"@type":"Organization","@id":"https:\/\/manolesakis.gr\/#organization","name":"\u039a\u03c4\u03ae\u03bc\u03b1 \u039c\u03b1\u03bd\u03c9\u03bb\u03b5\u03c3\u03ac\u03ba\u03b7","url":"https:\/\/manolesakis.gr\/","logo":{"@type":"ImageObject","inLanguage":"de","@id":"https:\/\/manolesakis.gr\/#\/schema\/logo\/image\/","url":"https:\/\/manolesakis.gr\/wp-content\/uploads\/2023\/01\/ESTATE-MANOLESAKIS.png","contentUrl":"https:\/\/manolesakis.gr\/wp-content\/uploads\/2023\/01\/ESTATE-MANOLESAKIS.png","width":145,"height":145,"caption":"\u039a\u03c4\u03ae\u03bc\u03b1 \u039c\u03b1\u03bd\u03c9\u03bb\u03b5\u03c3\u03ac\u03ba\u03b7"},"image":{"@id":"https:\/\/manolesakis.gr\/#\/schema\/logo\/image\/"}}]}},"_links":{"self":[{"href":"https:\/\/manolesakis.gr\/de\/wp-json\/wp\/v2\/product\/3898","targetHints":{"allow":["GET"]}}],"collection":[{"href":"https:\/\/manolesakis.gr\/de\/wp-json\/wp\/v2\/product"}],"about":[{"href":"https:\/\/manolesakis.gr\/de\/wp-json\/wp\/v2\/types\/product"}],"replies":[{"embeddable":true,"href":"https:\/\/manolesakis.gr\/de\/wp-json\/wp\/v2\/comments?post=3898"}],"wp:featuredmedia":[{"embeddable":true,"href":"https:\/\/manolesakis.gr\/de\/wp-json\/wp\/v2\/media\/3899"}],"wp:attachment":[{"href":"https:\/\/manolesakis.gr\/de\/wp-json\/wp\/v2\/media?parent=3898"}],"wp:term":[{"taxonomy":"product_cat","embeddable":true,"href":"https:\/\/manolesakis.gr\/de\/wp-json\/wp\/v2\/product_cat?post=3898"},{"taxonomy":"product_tag","embeddable":true,"href":"https:\/\/manolesakis.gr\/de\/wp-json\/wp\/v2\/product_tag?post=3898"}],"curies":[{"name":"wp","href":"https:\/\/api.w.org\/{rel}","templated":true}]}}