{"id":3867,"date":"2023-01-12T12:45:10","date_gmt":"2023-01-12T12:45:10","guid":{"rendered":"https:\/\/manolesakis.gr\/oinos\/unkategorisiert\/exis-rot-trocken\/"},"modified":"2024-10-02T20:06:05","modified_gmt":"2024-10-02T20:06:05","slug":"exis-rot-trocken","status":"publish","type":"product","link":"https:\/\/manolesakis.gr\/de\/oinos\/rotweine\/exis-rot-trocken\/","title":{"rendered":"EXIS Rot Trocken"},"content":{"rendered":"<section class=\"wpb-content-wrapper\"><p>[vc_row equal_height=&#8220;yes&#8220; content_placement=&#8220;middle&#8220; css_animation=&#8220;&#8220; css=&#8220;.vc_custom_1636231000384{padding-top: 0px !important;padding-bottom: 0px !important;}&#8220;][vc_column css_animation=&#8220;&#8220; css=&#8220;.vc_custom_1678349907789{padding-top: 0px !important;padding-right: 10% !important;padding-bottom: 0px !important;padding-left: 10% !important;background-color: #121212 !important;}&#8220; offset=&#8220;vc_col-lg-12 vc_col-md-12&#8243;]\n\t<div class=\"title-subtitle-box  vc_custom_1725519542530\" style=\" text-align: left;\">\n\t\t<p  style=\"\">EXIS Rot Trocken<\/p>\n\t\t<h1 style=\" font-style: normal;\">Region\/Weingut<\/h1>\n\t<\/div> [vc_column_text css_animation=&#8220;&#8220; css=&#8220;.vc_custom_1678353848668{margin-bottom: 0px !important;}&#8220;]Adriani \u2013 Geographisches Gebiet von Drama, Nordost-Mazedonien. 2 Hektar privatbesitzte, lineare Weingutsparzellen<br \/>auf einer H\u00f6he von 200-300 Metern. Lehmboden mit guter Drainage durch das Vorhandensein kleiner Kalksteine. Ertrag pro Hektar 800-900 kg pro Hektar.<br \/>Die Ernte ist n\u00e4chtlich, damit die Trauben k\u00fchl und nicht hei\u00df im Weingut ankommen, wie bei der Tagernte. So werden sie viel schneller und ohne thermischen Schock f\u00fcr die pr\u00e4fermentative Kryoextraktion gek\u00fchlt.[\/vc_column_text][\/vc_column][\/vc_row][vc_row equal_height=&#8220;yes&#8220; content_placement=&#8220;middle&#8220; css_animation=&#8220;&#8220; css=&#8220;.vc_custom_1677926573983{padding-top: 0px !important;padding-bottom: 0px !important;}&#8220;][vc_column css_animation=&#8220;&#8220; css=&#8220;.vc_custom_1677926759829{padding-top: 10% !important;padding-right: 10% !important;padding-bottom: 10% !important;padding-left: 10% !important;background-color: #121212 !important;}&#8220; offset=&#8220;vc_col-lg-12 vc_col-md-12&#8243;]\n\t<div class=\"title-subtitle-box  \" style=\" text-align: left;\">\n\t\t<p  style=\"\">EXIS Rot Trocken<\/p>\n\t\t<h1 style=\" font-style: normal;\">Geschmacksmerkmale<\/h1>\n\t<\/div> [vc_column_text css_animation=&#8220;&#8220;]Rubinrote Farbe von mittlerer Intensit\u00e4t, mit Aromen von schwarzer Johannisbeere, Kirsche und Pflaume. Angenehmer Geschmack, weich und ausgewogen mit einem starken Gef\u00fchl von Frische, guter S\u00e4ure, milden Tanninen und einem eleganten Nachgeschmack.[\/vc_column_text][\/vc_column][\/vc_row][vc_row equal_height=&#8220;yes&#8220; content_placement=&#8220;middle&#8220; css_animation=&#8220;&#8220; css=&#8220;.vc_custom_1636231059071{padding-top: 0px !important;padding-bottom: 0px !important;}&#8220;][vc_column css_animation=&#8220;&#8220; css=&#8220;.vc_custom_1677926706068{padding-top: 0px !important;padding-right: 10% !important;padding-bottom: 0px !important;padding-left: 10% !important;background-color: #121212 !important;}&#8220; offset=&#8220;vc_col-lg-12 vc_col-md-12&#8243;]\n\t<div class=\"title-subtitle-box  \" style=\" text-align: left;\">\n\t\t<p  style=\"\">EXIS Rot Trocken<\/p>\n\t\t<h1 style=\" font-style: normal;\">Harmonie<\/h1>\n\t<\/div> [vc_column_text css_animation=&#8220;&#8220;]Kalbfleisch Giovecchi, traditionelle rote Fleischgerichte und Eint\u00f6pfe, Wildpilze, Vorspeisen und gereifte K\u00e4sesorten. Serviert bei 12-14 \u00b0C[\/vc_column_text][\/vc_column][\/vc_row]<\/p>\n<\/section>","protected":false},"excerpt":{"rendered":"<p>Trockener Rotwein, Moschomavro  Limnio <img loading=\"lazy\" decoding=\"async\" class=\" wp-image-3136 aligncenter\" src=\"https:\/\/manolesakis.gr\/wp-content\/uploads\/2023\/01\/Logo-HD-Transparent-2-300x169.png\" alt=\"\" width=\"142\" height=\"80\" srcset=\"https:\/\/manolesakis.gr\/wp-content\/uploads\/2023\/01\/Logo-HD-Transparent-2-300x169.png 300w, https:\/\/manolesakis.gr\/wp-content\/uploads\/2023\/01\/Logo-HD-Transparent-2.png 500w\" sizes=\"auto, (max-width: 142px) 100vw, 142px\" \/><\/p>\n","protected":false},"featured_media":3868,"comment_status":"open","ping_status":"closed","template":"","meta":[],"product_cat":[84],"product_tag":[85,83],"class_list":{"0":"post-3867","1":"product","2":"type-product","3":"status-publish","4":"has-post-thumbnail","6":"product_cat-rotweine","7":"product_tag-rot","8":"product_tag-trocken","10":"first","11":"instock","12":"taxable","13":"shipping-taxable","14":"purchasable","15":"product-type-simple"},"acf":[],"yoast_head":"<!-- This site is optimized with the Yoast SEO plugin v26.8 - https:\/\/yoast.com\/product\/yoast-seo-wordpress\/ -->\n<title>EXIS Rot Trocken | \u039a\u03c4\u03ae\u03bc\u03b1 \u039c\u03b1\u03bd\u03c9\u03bb\u03b5\u03c3\u03ac\u03ba\u03b7<\/title>\n<meta name=\"robots\" content=\"index, follow, max-snippet:-1, max-image-preview:large, max-video-preview:-1\" \/>\n<link rel=\"canonical\" href=\"https:\/\/manolesakis.gr\/de\/oinos\/rotweine\/exis-rot-trocken\/\" \/>\n<meta property=\"og:locale\" content=\"de_DE\" \/>\n<meta property=\"og:type\" content=\"article\" \/>\n<meta property=\"og:title\" content=\"EXIS Rot Trocken | \u039a\u03c4\u03ae\u03bc\u03b1 \u039c\u03b1\u03bd\u03c9\u03bb\u03b5\u03c3\u03ac\u03ba\u03b7\" \/>\n<meta property=\"og:description\" content=\"Trockener Rotwein, Moschomavro Limnio\" \/>\n<meta property=\"og:url\" content=\"https:\/\/manolesakis.gr\/de\/oinos\/rotweine\/exis-rot-trocken\/\" \/>\n<meta property=\"og:site_name\" content=\"\u039a\u03c4\u03ae\u03bc\u03b1 \u039c\u03b1\u03bd\u03c9\u03bb\u03b5\u03c3\u03ac\u03ba\u03b7\" \/>\n<meta property=\"article:modified_time\" content=\"2024-10-02T20:06:05+00:00\" \/>\n<meta property=\"og:image\" content=\"https:\/\/manolesakis.gr\/wp-content\/uploads\/2023\/01\/EXIS-MOSCHOMAVRO.png\" \/>\n\t<meta property=\"og:image:width\" content=\"1097\" \/>\n\t<meta property=\"og:image:height\" content=\"1500\" \/>\n\t<meta property=\"og:image:type\" content=\"image\/png\" \/>\n<meta name=\"twitter:card\" content=\"summary_large_image\" \/>\n<meta name=\"twitter:label1\" content=\"Gesch\u00e4tzte Lesezeit\" \/>\n\t<meta name=\"twitter:data1\" content=\"2\u00a0Minuten\" \/>\n<script type=\"application\/ld+json\" class=\"yoast-schema-graph\">{\"@context\":\"https:\/\/schema.org\",\"@graph\":[{\"@type\":\"WebPage\",\"@id\":\"https:\/\/manolesakis.gr\/de\/oinos\/rotweine\/exis-rot-trocken\/\",\"url\":\"https:\/\/manolesakis.gr\/de\/oinos\/rotweine\/exis-rot-trocken\/\",\"name\":\"EXIS Rot Trocken | \u039a\u03c4\u03ae\u03bc\u03b1 \u039c\u03b1\u03bd\u03c9\u03bb\u03b5\u03c3\u03ac\u03ba\u03b7\",\"isPartOf\":{\"@id\":\"https:\/\/manolesakis.gr\/#website\"},\"primaryImageOfPage\":{\"@id\":\"https:\/\/manolesakis.gr\/de\/oinos\/rotweine\/exis-rot-trocken\/#primaryimage\"},\"image\":{\"@id\":\"https:\/\/manolesakis.gr\/de\/oinos\/rotweine\/exis-rot-trocken\/#primaryimage\"},\"thumbnailUrl\":\"https:\/\/manolesakis.gr\/wp-content\/uploads\/2023\/01\/EXIS-MOSCHOMAVRO.png\",\"datePublished\":\"2023-01-12T12:45:10+00:00\",\"dateModified\":\"2024-10-02T20:06:05+00:00\",\"breadcrumb\":{\"@id\":\"https:\/\/manolesakis.gr\/de\/oinos\/rotweine\/exis-rot-trocken\/#breadcrumb\"},\"inLanguage\":\"de\",\"potentialAction\":[{\"@type\":\"ReadAction\",\"target\":[\"https:\/\/manolesakis.gr\/de\/oinos\/rotweine\/exis-rot-trocken\/\"]}]},{\"@type\":\"ImageObject\",\"inLanguage\":\"de\",\"@id\":\"https:\/\/manolesakis.gr\/de\/oinos\/rotweine\/exis-rot-trocken\/#primaryimage\",\"url\":\"https:\/\/manolesakis.gr\/wp-content\/uploads\/2023\/01\/EXIS-MOSCHOMAVRO.png\",\"contentUrl\":\"https:\/\/manolesakis.gr\/wp-content\/uploads\/2023\/01\/EXIS-MOSCHOMAVRO.png\",\"width\":1097,\"height\":1500},{\"@type\":\"BreadcrumbList\",\"@id\":\"https:\/\/manolesakis.gr\/de\/oinos\/rotweine\/exis-rot-trocken\/#breadcrumb\",\"itemListElement\":[{\"@type\":\"ListItem\",\"position\":1,\"name\":\"\u0391\u03c1\u03c7\u03b9\u03ba\u03ae\",\"item\":\"https:\/\/manolesakis.gr\/de\/homepage\/\"},{\"@type\":\"ListItem\",\"position\":2,\"name\":\"\u039a\u03c1\u03b1\u03c3\u03b9\u03ac\",\"item\":\"https:\/\/manolesakis.gr\/wines\/\"},{\"@type\":\"ListItem\",\"position\":3,\"name\":\"EXIS Rot Trocken\"}]},{\"@type\":\"WebSite\",\"@id\":\"https:\/\/manolesakis.gr\/#website\",\"url\":\"https:\/\/manolesakis.gr\/\",\"name\":\"\u039a\u03c4\u03ae\u03bc\u03b1 \u039c\u03b1\u03bd\u03c9\u03bb\u03b5\u03c3\u03ac\u03ba\u03b7\",\"description\":\"\",\"publisher\":{\"@id\":\"https:\/\/manolesakis.gr\/#organization\"},\"potentialAction\":[{\"@type\":\"SearchAction\",\"target\":{\"@type\":\"EntryPoint\",\"urlTemplate\":\"https:\/\/manolesakis.gr\/?s={search_term_string}\"},\"query-input\":{\"@type\":\"PropertyValueSpecification\",\"valueRequired\":true,\"valueName\":\"search_term_string\"}}],\"inLanguage\":\"de\"},{\"@type\":\"Organization\",\"@id\":\"https:\/\/manolesakis.gr\/#organization\",\"name\":\"\u039a\u03c4\u03ae\u03bc\u03b1 \u039c\u03b1\u03bd\u03c9\u03bb\u03b5\u03c3\u03ac\u03ba\u03b7\",\"url\":\"https:\/\/manolesakis.gr\/\",\"logo\":{\"@type\":\"ImageObject\",\"inLanguage\":\"de\",\"@id\":\"https:\/\/manolesakis.gr\/#\/schema\/logo\/image\/\",\"url\":\"https:\/\/manolesakis.gr\/wp-content\/uploads\/2023\/01\/ESTATE-MANOLESAKIS.png\",\"contentUrl\":\"https:\/\/manolesakis.gr\/wp-content\/uploads\/2023\/01\/ESTATE-MANOLESAKIS.png\",\"width\":145,\"height\":145,\"caption\":\"\u039a\u03c4\u03ae\u03bc\u03b1 \u039c\u03b1\u03bd\u03c9\u03bb\u03b5\u03c3\u03ac\u03ba\u03b7\"},\"image\":{\"@id\":\"https:\/\/manolesakis.gr\/#\/schema\/logo\/image\/\"}}]}<\/script>\n<!-- \/ Yoast SEO plugin. -->","yoast_head_json":{"title":"EXIS Rot Trocken | \u039a\u03c4\u03ae\u03bc\u03b1 \u039c\u03b1\u03bd\u03c9\u03bb\u03b5\u03c3\u03ac\u03ba\u03b7","robots":{"index":"index","follow":"follow","max-snippet":"max-snippet:-1","max-image-preview":"max-image-preview:large","max-video-preview":"max-video-preview:-1"},"canonical":"https:\/\/manolesakis.gr\/de\/oinos\/rotweine\/exis-rot-trocken\/","og_locale":"de_DE","og_type":"article","og_title":"EXIS Rot Trocken | \u039a\u03c4\u03ae\u03bc\u03b1 \u039c\u03b1\u03bd\u03c9\u03bb\u03b5\u03c3\u03ac\u03ba\u03b7","og_description":"Trockener Rotwein, Moschomavro Limnio","og_url":"https:\/\/manolesakis.gr\/de\/oinos\/rotweine\/exis-rot-trocken\/","og_site_name":"\u039a\u03c4\u03ae\u03bc\u03b1 \u039c\u03b1\u03bd\u03c9\u03bb\u03b5\u03c3\u03ac\u03ba\u03b7","article_modified_time":"2024-10-02T20:06:05+00:00","og_image":[{"width":1097,"height":1500,"url":"https:\/\/manolesakis.gr\/wp-content\/uploads\/2023\/01\/EXIS-MOSCHOMAVRO.png","type":"image\/png"}],"twitter_card":"summary_large_image","twitter_misc":{"Gesch\u00e4tzte Lesezeit":"2\u00a0Minuten"},"schema":{"@context":"https:\/\/schema.org","@graph":[{"@type":"WebPage","@id":"https:\/\/manolesakis.gr\/de\/oinos\/rotweine\/exis-rot-trocken\/","url":"https:\/\/manolesakis.gr\/de\/oinos\/rotweine\/exis-rot-trocken\/","name":"EXIS Rot Trocken | \u039a\u03c4\u03ae\u03bc\u03b1 \u039c\u03b1\u03bd\u03c9\u03bb\u03b5\u03c3\u03ac\u03ba\u03b7","isPartOf":{"@id":"https:\/\/manolesakis.gr\/#website"},"primaryImageOfPage":{"@id":"https:\/\/manolesakis.gr\/de\/oinos\/rotweine\/exis-rot-trocken\/#primaryimage"},"image":{"@id":"https:\/\/manolesakis.gr\/de\/oinos\/rotweine\/exis-rot-trocken\/#primaryimage"},"thumbnailUrl":"https:\/\/manolesakis.gr\/wp-content\/uploads\/2023\/01\/EXIS-MOSCHOMAVRO.png","datePublished":"2023-01-12T12:45:10+00:00","dateModified":"2024-10-02T20:06:05+00:00","breadcrumb":{"@id":"https:\/\/manolesakis.gr\/de\/oinos\/rotweine\/exis-rot-trocken\/#breadcrumb"},"inLanguage":"de","potentialAction":[{"@type":"ReadAction","target":["https:\/\/manolesakis.gr\/de\/oinos\/rotweine\/exis-rot-trocken\/"]}]},{"@type":"ImageObject","inLanguage":"de","@id":"https:\/\/manolesakis.gr\/de\/oinos\/rotweine\/exis-rot-trocken\/#primaryimage","url":"https:\/\/manolesakis.gr\/wp-content\/uploads\/2023\/01\/EXIS-MOSCHOMAVRO.png","contentUrl":"https:\/\/manolesakis.gr\/wp-content\/uploads\/2023\/01\/EXIS-MOSCHOMAVRO.png","width":1097,"height":1500},{"@type":"BreadcrumbList","@id":"https:\/\/manolesakis.gr\/de\/oinos\/rotweine\/exis-rot-trocken\/#breadcrumb","itemListElement":[{"@type":"ListItem","position":1,"name":"\u0391\u03c1\u03c7\u03b9\u03ba\u03ae","item":"https:\/\/manolesakis.gr\/de\/homepage\/"},{"@type":"ListItem","position":2,"name":"\u039a\u03c1\u03b1\u03c3\u03b9\u03ac","item":"https:\/\/manolesakis.gr\/wines\/"},{"@type":"ListItem","position":3,"name":"EXIS Rot Trocken"}]},{"@type":"WebSite","@id":"https:\/\/manolesakis.gr\/#website","url":"https:\/\/manolesakis.gr\/","name":"\u039a\u03c4\u03ae\u03bc\u03b1 \u039c\u03b1\u03bd\u03c9\u03bb\u03b5\u03c3\u03ac\u03ba\u03b7","description":"","publisher":{"@id":"https:\/\/manolesakis.gr\/#organization"},"potentialAction":[{"@type":"SearchAction","target":{"@type":"EntryPoint","urlTemplate":"https:\/\/manolesakis.gr\/?s={search_term_string}"},"query-input":{"@type":"PropertyValueSpecification","valueRequired":true,"valueName":"search_term_string"}}],"inLanguage":"de"},{"@type":"Organization","@id":"https:\/\/manolesakis.gr\/#organization","name":"\u039a\u03c4\u03ae\u03bc\u03b1 \u039c\u03b1\u03bd\u03c9\u03bb\u03b5\u03c3\u03ac\u03ba\u03b7","url":"https:\/\/manolesakis.gr\/","logo":{"@type":"ImageObject","inLanguage":"de","@id":"https:\/\/manolesakis.gr\/#\/schema\/logo\/image\/","url":"https:\/\/manolesakis.gr\/wp-content\/uploads\/2023\/01\/ESTATE-MANOLESAKIS.png","contentUrl":"https:\/\/manolesakis.gr\/wp-content\/uploads\/2023\/01\/ESTATE-MANOLESAKIS.png","width":145,"height":145,"caption":"\u039a\u03c4\u03ae\u03bc\u03b1 \u039c\u03b1\u03bd\u03c9\u03bb\u03b5\u03c3\u03ac\u03ba\u03b7"},"image":{"@id":"https:\/\/manolesakis.gr\/#\/schema\/logo\/image\/"}}]}},"_links":{"self":[{"href":"https:\/\/manolesakis.gr\/de\/wp-json\/wp\/v2\/product\/3867","targetHints":{"allow":["GET"]}}],"collection":[{"href":"https:\/\/manolesakis.gr\/de\/wp-json\/wp\/v2\/product"}],"about":[{"href":"https:\/\/manolesakis.gr\/de\/wp-json\/wp\/v2\/types\/product"}],"replies":[{"embeddable":true,"href":"https:\/\/manolesakis.gr\/de\/wp-json\/wp\/v2\/comments?post=3867"}],"wp:featuredmedia":[{"embeddable":true,"href":"https:\/\/manolesakis.gr\/de\/wp-json\/wp\/v2\/media\/3868"}],"wp:attachment":[{"href":"https:\/\/manolesakis.gr\/de\/wp-json\/wp\/v2\/media?parent=3867"}],"wp:term":[{"taxonomy":"product_cat","embeddable":true,"href":"https:\/\/manolesakis.gr\/de\/wp-json\/wp\/v2\/product_cat?post=3867"},{"taxonomy":"product_tag","embeddable":true,"href":"https:\/\/manolesakis.gr\/de\/wp-json\/wp\/v2\/product_tag?post=3867"}],"curies":[{"name":"wp","href":"https:\/\/api.w.org\/{rel}","templated":true}]}}