{"id":3855,"date":"2023-01-12T13:38:24","date_gmt":"2023-01-12T13:38:24","guid":{"rendered":"https:\/\/manolesakis.gr\/oinos\/unkategorisiert\/pelagia\/"},"modified":"2025-12-11T10:01:34","modified_gmt":"2025-12-11T10:01:34","slug":"pelagia","status":"publish","type":"product","link":"https:\/\/manolesakis.gr\/de\/oinos\/rotweine\/pelagia\/","title":{"rendered":"Pelagia"},"content":{"rendered":"<section class=\"wpb-content-wrapper\"><p>[vc_row equal_height=&#8220;yes&#8220; content_placement=&#8220;middle&#8220; css_animation=&#8220;&#8220; css=&#8220;.vc_custom_1636231000384{padding-top: 0px !important;padding-bottom: 0px !important;}&#8220;][vc_column css_animation=&#8220;&#8220; css=&#8220;.vc_custom_1678349907789{padding-top: 0px !important;padding-right: 10% !important;padding-bottom: 0px !important;padding-left: 10% !important;background-color: #121212 !important;}&#8220; offset=&#8220;vc_col-lg-12 vc_col-md-12&#8243;]\n\t<div class=\"title-subtitle-box  vc_custom_1678351931804\" style=\" text-align: left;\">\n\t\t<p  style=\"\">Pelagia<\/p>\n\t\t<h1 style=\" font-style: normal;\">Region\/Weingut<\/h1>\n\t<\/div> [vc_column_text css_animation=&#8220;&#8220; css=&#8220;.vc_custom_1678351228661{margin-bottom: 0px !important;}&#8220;]Adrianis &#8211; Geographisches Gebiet von Drama, Nordost-Mazedonien. 1 \u03b5\u03ba\u03c4\u03ac\u03c1\u03b9\u03bf \u03b9\u03b4\u03b9\u03cc\u03ba\u03c4\u03b7\u03c4\u03bf \u03b3\u03c1\u03b1\u03bc\u03bc\u03b9\u03ba\u03cc \u03b1\u03bc\u03c0\u03b5\u03bb\u03bf\u03c4\u03b5\u03bc\u03ac\u03c7\u03b9\u03bf -\u03a4\u039f \u0394\u0395\u039d\u0394\u03a1\u039f- Pinot noir \u03ba\u03b1\u03b9 0,4 \u03b5\u03ba\u03c4\u03ac\u03c1\u03b9\u03bf \u03b9\u03b4\u03b9\u03cc\u03ba\u03c4\u03b7\u03c4\u03bf \u03b3\u03c1\u03b1\u03bc\u03bc\u03b9\u03ba\u03cc \u03b1\u03bc\u03c0\u03b5\u03bb\u03bf\u03c4\u03b5\u03bc\u03ac\u03c7\u03b9\u03bf \u0391\u03b3\u03b9\u03c9\u03c1\u03b3\u03af\u03c4\u03b9\u03ba\u03bf \u03c3\u03b5 \u03c5\u03c8\u03cc\u03bc\u03b5\u03c4\u03c1\u03bf 200-300 \u03bc\u03ad\u03c4\u03c1\u03b1. Lehmiger Boden mit guter Drainage aufgrund des Vorhandenseins von kleinen Kalksteinen.<\/p>\n<p>Ein Ertrag von 450 Kilo pro Hektar wird mit der Green Harvest-Methode erzielt. Ein Teil der Trauben wird geerntet, solange sie noch unreif sind, damit die verbleibenden Trauben ihre perfekte Reife erreichen k\u00f6nnen.<\/p>\n<p>Die Weinlese findet nachts statt, damit die Trauben k\u00fchl und nicht wie bei der Tageslese hei\u00df im Weingut ankommen. So werden sie viel schneller und ohne Temperaturschock f\u00fcr die Kryoextraktion vor der G\u00e4rung gek\u00fchlt.[\/vc_column_text][\/vc_column][\/vc_row][vc_row equal_height=&#8220;yes&#8220; content_placement=&#8220;middle&#8220; css_animation=&#8220;&#8220; css=&#8220;.vc_custom_1677926573983{padding-top: 0px !important;padding-bottom: 0px !important;}&#8220;][vc_column css_animation=&#8220;&#8220; css=&#8220;.vc_custom_1677926759829{padding-top: 10% !important;padding-right: 10% !important;padding-bottom: 10% !important;padding-left: 10% !important;background-color: #121212 !important;}&#8220; offset=&#8220;vc_col-lg-12 vc_col-md-12&#8243;]\n\t<div class=\"title-subtitle-box  \" style=\" text-align: left;\">\n\t\t<p  style=\"\">Pelagia<\/p>\n\t\t<h1 style=\" font-style: normal;\">Geschmacksmerkmale<\/h1>\n\t<\/div> [vc_column_text css_animation=&#8220;&#8220;]Purpurfarben mit Aromen von Himbeere, Kirsche und Veilchen mit Ankl\u00e4ngen von Vanille und Muskatnuss. Kr\u00e4ftiger K\u00f6rper und weiche Tannine, die den Reichtum des Nachgeschmacks verst\u00e4rken.[\/vc_column_text][\/vc_column][\/vc_row][vc_row equal_height=&#8220;yes&#8220; content_placement=&#8220;middle&#8220; css_animation=&#8220;&#8220; css=&#8220;.vc_custom_1636231059071{padding-top: 0px !important;padding-bottom: 0px !important;}&#8220;][vc_column css_animation=&#8220;&#8220; css=&#8220;.vc_custom_1677926706068{padding-top: 0px !important;padding-right: 10% !important;padding-bottom: 0px !important;padding-left: 10% !important;background-color: #121212 !important;}&#8220; offset=&#8220;vc_col-lg-12 vc_col-md-12&#8243;]\n\t<div class=\"title-subtitle-box  \" style=\" text-align: left;\">\n\t\t<p  style=\"\">Pelagia<\/p>\n\t\t<h1 style=\" font-style: normal;\">Harmonie<\/h1>\n\t<\/div> [vc_column_text css_animation=&#8220;&#8220;]W\u00fcrzige W\u00fcrste, mariniertes Wildfleisch, Tr\u00fcffelrisotto, Pilze und gereifte K\u00e4sesorten mit intensiven Aromen. Serviert bei 16-18 \u00b0C.[\/vc_column_text][\/vc_column][\/vc_row]<\/p>\n<\/section>","protected":false},"excerpt":{"rendered":"<p>Pelagia Trockener Rotwein, Pinot Noir Agiorgitiko<br \/>\n<img loading=\"lazy\" decoding=\"async\" class=\" wp-image-3136 aligncenter\" src=\"https:\/\/manolesakis.gr\/wp-content\/uploads\/2023\/01\/Logo-HD-Transparent-2-300x169.png\" alt=\"\" width=\"135\" height=\"76\" srcset=\"https:\/\/manolesakis.gr\/wp-content\/uploads\/2023\/01\/Logo-HD-Transparent-2-300x169.png 300w, https:\/\/manolesakis.gr\/wp-content\/uploads\/2023\/01\/Logo-HD-Transparent-2.png 500w\" sizes=\"auto, (max-width: 135px) 100vw, 135px\" \/><\/p>\n","protected":false},"featured_media":3856,"comment_status":"open","ping_status":"closed","template":"","meta":[],"product_cat":[84],"product_tag":[85,83],"class_list":{"0":"post-3855","1":"product","2":"type-product","3":"status-publish","4":"has-post-thumbnail","6":"product_cat-rotweine","7":"product_tag-rot","8":"product_tag-trocken","10":"first","11":"instock","12":"taxable","13":"shipping-taxable","14":"purchasable","15":"product-type-variable"},"acf":[],"yoast_head":"<!-- This site is optimized with the Yoast SEO plugin v26.8 - https:\/\/yoast.com\/product\/yoast-seo-wordpress\/ -->\n<title>Pelagia | \u039a\u03c4\u03ae\u03bc\u03b1 \u039c\u03b1\u03bd\u03c9\u03bb\u03b5\u03c3\u03ac\u03ba\u03b7<\/title>\n<meta name=\"robots\" content=\"index, follow, max-snippet:-1, max-image-preview:large, max-video-preview:-1\" \/>\n<link rel=\"canonical\" href=\"https:\/\/manolesakis.gr\/de\/oinos\/rotweine\/pelagia\/\" \/>\n<meta property=\"og:locale\" content=\"de_DE\" \/>\n<meta property=\"og:type\" content=\"article\" \/>\n<meta property=\"og:title\" content=\"Pelagia | \u039a\u03c4\u03ae\u03bc\u03b1 \u039c\u03b1\u03bd\u03c9\u03bb\u03b5\u03c3\u03ac\u03ba\u03b7\" \/>\n<meta property=\"og:description\" content=\"Pelagia Trockener Rotwein, Pinot Noir Agiorgitiko\" \/>\n<meta property=\"og:url\" content=\"https:\/\/manolesakis.gr\/de\/oinos\/rotweine\/pelagia\/\" \/>\n<meta property=\"og:site_name\" content=\"\u039a\u03c4\u03ae\u03bc\u03b1 \u039c\u03b1\u03bd\u03c9\u03bb\u03b5\u03c3\u03ac\u03ba\u03b7\" \/>\n<meta property=\"article:modified_time\" content=\"2025-12-11T10:01:34+00:00\" \/>\n<meta property=\"og:image\" content=\"https:\/\/manolesakis.gr\/wp-content\/uploads\/2023\/01\/PELAGIA-RED.png\" \/>\n\t<meta property=\"og:image:width\" content=\"1133\" \/>\n\t<meta property=\"og:image:height\" content=\"1500\" \/>\n\t<meta property=\"og:image:type\" content=\"image\/png\" \/>\n<meta name=\"twitter:card\" content=\"summary_large_image\" \/>\n<meta name=\"twitter:label1\" content=\"Gesch\u00e4tzte Lesezeit\" \/>\n\t<meta name=\"twitter:data1\" content=\"2\u00a0Minuten\" \/>\n<script type=\"application\/ld+json\" class=\"yoast-schema-graph\">{\"@context\":\"https:\/\/schema.org\",\"@graph\":[{\"@type\":\"WebPage\",\"@id\":\"https:\/\/manolesakis.gr\/de\/oinos\/rotweine\/pelagia\/\",\"url\":\"https:\/\/manolesakis.gr\/de\/oinos\/rotweine\/pelagia\/\",\"name\":\"Pelagia | \u039a\u03c4\u03ae\u03bc\u03b1 \u039c\u03b1\u03bd\u03c9\u03bb\u03b5\u03c3\u03ac\u03ba\u03b7\",\"isPartOf\":{\"@id\":\"https:\/\/manolesakis.gr\/#website\"},\"primaryImageOfPage\":{\"@id\":\"https:\/\/manolesakis.gr\/de\/oinos\/rotweine\/pelagia\/#primaryimage\"},\"image\":{\"@id\":\"https:\/\/manolesakis.gr\/de\/oinos\/rotweine\/pelagia\/#primaryimage\"},\"thumbnailUrl\":\"https:\/\/manolesakis.gr\/wp-content\/uploads\/2023\/01\/PELAGIA-RED.png\",\"datePublished\":\"2023-01-12T13:38:24+00:00\",\"dateModified\":\"2025-12-11T10:01:34+00:00\",\"breadcrumb\":{\"@id\":\"https:\/\/manolesakis.gr\/de\/oinos\/rotweine\/pelagia\/#breadcrumb\"},\"inLanguage\":\"de\",\"potentialAction\":[{\"@type\":\"ReadAction\",\"target\":[\"https:\/\/manolesakis.gr\/de\/oinos\/rotweine\/pelagia\/\"]}]},{\"@type\":\"ImageObject\",\"inLanguage\":\"de\",\"@id\":\"https:\/\/manolesakis.gr\/de\/oinos\/rotweine\/pelagia\/#primaryimage\",\"url\":\"https:\/\/manolesakis.gr\/wp-content\/uploads\/2023\/01\/PELAGIA-RED.png\",\"contentUrl\":\"https:\/\/manolesakis.gr\/wp-content\/uploads\/2023\/01\/PELAGIA-RED.png\",\"width\":1133,\"height\":1500},{\"@type\":\"BreadcrumbList\",\"@id\":\"https:\/\/manolesakis.gr\/de\/oinos\/rotweine\/pelagia\/#breadcrumb\",\"itemListElement\":[{\"@type\":\"ListItem\",\"position\":1,\"name\":\"\u0391\u03c1\u03c7\u03b9\u03ba\u03ae\",\"item\":\"https:\/\/manolesakis.gr\/de\/homepage\/\"},{\"@type\":\"ListItem\",\"position\":2,\"name\":\"\u039a\u03c1\u03b1\u03c3\u03b9\u03ac\",\"item\":\"https:\/\/manolesakis.gr\/wines\/\"},{\"@type\":\"ListItem\",\"position\":3,\"name\":\"Pelagia\"}]},{\"@type\":\"WebSite\",\"@id\":\"https:\/\/manolesakis.gr\/#website\",\"url\":\"https:\/\/manolesakis.gr\/\",\"name\":\"\u039a\u03c4\u03ae\u03bc\u03b1 \u039c\u03b1\u03bd\u03c9\u03bb\u03b5\u03c3\u03ac\u03ba\u03b7\",\"description\":\"\",\"publisher\":{\"@id\":\"https:\/\/manolesakis.gr\/#organization\"},\"potentialAction\":[{\"@type\":\"SearchAction\",\"target\":{\"@type\":\"EntryPoint\",\"urlTemplate\":\"https:\/\/manolesakis.gr\/?s={search_term_string}\"},\"query-input\":{\"@type\":\"PropertyValueSpecification\",\"valueRequired\":true,\"valueName\":\"search_term_string\"}}],\"inLanguage\":\"de\"},{\"@type\":\"Organization\",\"@id\":\"https:\/\/manolesakis.gr\/#organization\",\"name\":\"\u039a\u03c4\u03ae\u03bc\u03b1 \u039c\u03b1\u03bd\u03c9\u03bb\u03b5\u03c3\u03ac\u03ba\u03b7\",\"url\":\"https:\/\/manolesakis.gr\/\",\"logo\":{\"@type\":\"ImageObject\",\"inLanguage\":\"de\",\"@id\":\"https:\/\/manolesakis.gr\/#\/schema\/logo\/image\/\",\"url\":\"https:\/\/manolesakis.gr\/wp-content\/uploads\/2023\/01\/ESTATE-MANOLESAKIS.png\",\"contentUrl\":\"https:\/\/manolesakis.gr\/wp-content\/uploads\/2023\/01\/ESTATE-MANOLESAKIS.png\",\"width\":145,\"height\":145,\"caption\":\"\u039a\u03c4\u03ae\u03bc\u03b1 \u039c\u03b1\u03bd\u03c9\u03bb\u03b5\u03c3\u03ac\u03ba\u03b7\"},\"image\":{\"@id\":\"https:\/\/manolesakis.gr\/#\/schema\/logo\/image\/\"}}]}<\/script>\n<!-- \/ Yoast SEO plugin. -->","yoast_head_json":{"title":"Pelagia | \u039a\u03c4\u03ae\u03bc\u03b1 \u039c\u03b1\u03bd\u03c9\u03bb\u03b5\u03c3\u03ac\u03ba\u03b7","robots":{"index":"index","follow":"follow","max-snippet":"max-snippet:-1","max-image-preview":"max-image-preview:large","max-video-preview":"max-video-preview:-1"},"canonical":"https:\/\/manolesakis.gr\/de\/oinos\/rotweine\/pelagia\/","og_locale":"de_DE","og_type":"article","og_title":"Pelagia | \u039a\u03c4\u03ae\u03bc\u03b1 \u039c\u03b1\u03bd\u03c9\u03bb\u03b5\u03c3\u03ac\u03ba\u03b7","og_description":"Pelagia Trockener Rotwein, Pinot Noir Agiorgitiko","og_url":"https:\/\/manolesakis.gr\/de\/oinos\/rotweine\/pelagia\/","og_site_name":"\u039a\u03c4\u03ae\u03bc\u03b1 \u039c\u03b1\u03bd\u03c9\u03bb\u03b5\u03c3\u03ac\u03ba\u03b7","article_modified_time":"2025-12-11T10:01:34+00:00","og_image":[{"width":1133,"height":1500,"url":"https:\/\/manolesakis.gr\/wp-content\/uploads\/2023\/01\/PELAGIA-RED.png","type":"image\/png"}],"twitter_card":"summary_large_image","twitter_misc":{"Gesch\u00e4tzte Lesezeit":"2\u00a0Minuten"},"schema":{"@context":"https:\/\/schema.org","@graph":[{"@type":"WebPage","@id":"https:\/\/manolesakis.gr\/de\/oinos\/rotweine\/pelagia\/","url":"https:\/\/manolesakis.gr\/de\/oinos\/rotweine\/pelagia\/","name":"Pelagia | \u039a\u03c4\u03ae\u03bc\u03b1 \u039c\u03b1\u03bd\u03c9\u03bb\u03b5\u03c3\u03ac\u03ba\u03b7","isPartOf":{"@id":"https:\/\/manolesakis.gr\/#website"},"primaryImageOfPage":{"@id":"https:\/\/manolesakis.gr\/de\/oinos\/rotweine\/pelagia\/#primaryimage"},"image":{"@id":"https:\/\/manolesakis.gr\/de\/oinos\/rotweine\/pelagia\/#primaryimage"},"thumbnailUrl":"https:\/\/manolesakis.gr\/wp-content\/uploads\/2023\/01\/PELAGIA-RED.png","datePublished":"2023-01-12T13:38:24+00:00","dateModified":"2025-12-11T10:01:34+00:00","breadcrumb":{"@id":"https:\/\/manolesakis.gr\/de\/oinos\/rotweine\/pelagia\/#breadcrumb"},"inLanguage":"de","potentialAction":[{"@type":"ReadAction","target":["https:\/\/manolesakis.gr\/de\/oinos\/rotweine\/pelagia\/"]}]},{"@type":"ImageObject","inLanguage":"de","@id":"https:\/\/manolesakis.gr\/de\/oinos\/rotweine\/pelagia\/#primaryimage","url":"https:\/\/manolesakis.gr\/wp-content\/uploads\/2023\/01\/PELAGIA-RED.png","contentUrl":"https:\/\/manolesakis.gr\/wp-content\/uploads\/2023\/01\/PELAGIA-RED.png","width":1133,"height":1500},{"@type":"BreadcrumbList","@id":"https:\/\/manolesakis.gr\/de\/oinos\/rotweine\/pelagia\/#breadcrumb","itemListElement":[{"@type":"ListItem","position":1,"name":"\u0391\u03c1\u03c7\u03b9\u03ba\u03ae","item":"https:\/\/manolesakis.gr\/de\/homepage\/"},{"@type":"ListItem","position":2,"name":"\u039a\u03c1\u03b1\u03c3\u03b9\u03ac","item":"https:\/\/manolesakis.gr\/wines\/"},{"@type":"ListItem","position":3,"name":"Pelagia"}]},{"@type":"WebSite","@id":"https:\/\/manolesakis.gr\/#website","url":"https:\/\/manolesakis.gr\/","name":"\u039a\u03c4\u03ae\u03bc\u03b1 \u039c\u03b1\u03bd\u03c9\u03bb\u03b5\u03c3\u03ac\u03ba\u03b7","description":"","publisher":{"@id":"https:\/\/manolesakis.gr\/#organization"},"potentialAction":[{"@type":"SearchAction","target":{"@type":"EntryPoint","urlTemplate":"https:\/\/manolesakis.gr\/?s={search_term_string}"},"query-input":{"@type":"PropertyValueSpecification","valueRequired":true,"valueName":"search_term_string"}}],"inLanguage":"de"},{"@type":"Organization","@id":"https:\/\/manolesakis.gr\/#organization","name":"\u039a\u03c4\u03ae\u03bc\u03b1 \u039c\u03b1\u03bd\u03c9\u03bb\u03b5\u03c3\u03ac\u03ba\u03b7","url":"https:\/\/manolesakis.gr\/","logo":{"@type":"ImageObject","inLanguage":"de","@id":"https:\/\/manolesakis.gr\/#\/schema\/logo\/image\/","url":"https:\/\/manolesakis.gr\/wp-content\/uploads\/2023\/01\/ESTATE-MANOLESAKIS.png","contentUrl":"https:\/\/manolesakis.gr\/wp-content\/uploads\/2023\/01\/ESTATE-MANOLESAKIS.png","width":145,"height":145,"caption":"\u039a\u03c4\u03ae\u03bc\u03b1 \u039c\u03b1\u03bd\u03c9\u03bb\u03b5\u03c3\u03ac\u03ba\u03b7"},"image":{"@id":"https:\/\/manolesakis.gr\/#\/schema\/logo\/image\/"}}]}},"_links":{"self":[{"href":"https:\/\/manolesakis.gr\/de\/wp-json\/wp\/v2\/product\/3855","targetHints":{"allow":["GET"]}}],"collection":[{"href":"https:\/\/manolesakis.gr\/de\/wp-json\/wp\/v2\/product"}],"about":[{"href":"https:\/\/manolesakis.gr\/de\/wp-json\/wp\/v2\/types\/product"}],"replies":[{"embeddable":true,"href":"https:\/\/manolesakis.gr\/de\/wp-json\/wp\/v2\/comments?post=3855"}],"wp:featuredmedia":[{"embeddable":true,"href":"https:\/\/manolesakis.gr\/de\/wp-json\/wp\/v2\/media\/3856"}],"wp:attachment":[{"href":"https:\/\/manolesakis.gr\/de\/wp-json\/wp\/v2\/media?parent=3855"}],"wp:term":[{"taxonomy":"product_cat","embeddable":true,"href":"https:\/\/manolesakis.gr\/de\/wp-json\/wp\/v2\/product_cat?post=3855"},{"taxonomy":"product_tag","embeddable":true,"href":"https:\/\/manolesakis.gr\/de\/wp-json\/wp\/v2\/product_tag?post=3855"}],"curies":[{"name":"wp","href":"https:\/\/api.w.org\/{rel}","templated":true}]}}