{"id":3816,"date":"2016-03-21T09:58:31","date_gmt":"2016-03-21T09:58:31","guid":{"rendered":"https:\/\/manolesakis.gr\/unser-weingut\/"},"modified":"2024-10-01T19:51:49","modified_gmt":"2024-10-01T19:51:49","slug":"unser-weingut","status":"publish","type":"page","link":"https:\/\/manolesakis.gr\/de\/unser-weingut\/","title":{"rendered":"Unser Weingut"},"content":{"rendered":"<section class=\"wpb-content-wrapper\"><p>[vc_row full_width=&#8220;stretch_row_content_no_spaces&#8220; css_animation=&#8220;&#8220; css=&#8220;.vc_custom_1458555179979{padding-bottom: 0px !important;}&#8220;][vc_column css_animation=&#8220;&#8220;][vc_gallery interval=&#8220;0&#8243; images=&#8220;3367,3366,3176,3175&#8243; img_size=&#8220;full&#8220; onclick=&#8220;&#8220;][\/vc_column][\/vc_row][vc_row css_animation=&#8220;&#8220; css=&#8220;.vc_custom_1458737831058{padding-bottom: 0px !important;}&#8220;][vc_column width=&#8220;1\/6&#8243; css_animation=&#8220;&#8220;][\/vc_column][vc_column width=&#8220;2\/3&#8243; css_animation=&#8220;&#8220; css=&#8220;.vc_custom_1458555142589{padding-right: 10% !important;padding-left: 10% !important;}&#8220;]\n\t<div class=\"title-subtitle-box  \" style=\" text-align: center;\">\n\t\t<p  style=\"\">Manolesakis Estate<\/p>\n\t\t<h1 style=\" font-style: normal;\">Das Weingut<\/h1>\n\t<\/div> [vc_column_text css_animation=&#8220;&#8220;]Das Weingut befindet sich in einer Region um Adriani, die morphologisch sehr homogen ist. Es ist nach Nordwesten ausgerichtet und das Klima ist semi-kontinental, was bedeutet, dass es sich zwischen mediterranem und kontinentalem Klima befindet. Die Winter sind ziemlich kalt, w\u00e4hrend die Sommer warm sind. Im Winter gibt es ausreichende Niederschl\u00e4ge, die den Weinreben die notwendige Feuchtigkeit liefern. W\u00e4hrend der Sommerperiode gibt es Temperaturschwankungen zwischen Tag und Nacht, was zu einer vorteilhaften langsamen Reifung der Trauben beitr\u00e4gt.<br \/>Die Bewirtschaftung der Weing\u00fcter erfolgt unter der pers\u00f6nlichen Betreuung von Stavros Manolesakis und in Zusammenarbeit mit unserem agronomischen Berater. Dieser f\u00fchrt kontinuierliche Experimente mit griechischen und ausl\u00e4ndischen Rebsorten durch, um ihre Anpassungsf\u00e4higkeit an die Region sowie ihr Weinbaupotenzial zu ermitteln.<br \/>[\/vc_column_text]<div class=\"gg-horizontal-list  vc_custom_1617050555891\"><dl class=\"horizontal\">\n\t<dt >Fl\u00e4che<\/dt>\n\t<dd >200 Hektar<\/dd>\n\t<dt >H\u00f6he<\/dt>\n\t<dd >200 - 300 Meter<\/dd>\n\t<dt >Anordnung<\/dt>\n\t<dd >Reihenf\u00f6rmig<\/dd>\n\t<dt >Abmessungen<\/dt>\n\t<dd >1,30 x 2,00 Meter<\/dd><\/dl><\/div>[\/vc_column][vc_column width=&#8220;1\/6&#8243; css_animation=&#8220;&#8220;][\/vc_column][\/vc_row][vc_row full_width=&#8220;stretch_row&#8220; css_animation=&#8220;&#8220; css=&#8220;.vc_custom_1636037754429{padding-top: 60px !important;background-image: url(https:\/\/okthemes.com\/villenoirdarkdemo\/wp-content\/uploads\/2021\/11\/the-estate-background-dark-1.jpg?id=2641) !important;background-position: center !important;background-repeat: no-repeat !important;background-size: cover !important;}&#8220;][vc_column css_animation=&#8220;&#8220;][vc_row_inner gap=&#8220;30&#8243;][vc_column_inner width=&#8220;1\/2&#8243; css=&#8220;.vc_custom_1460628751680{padding-top: 15% !important;padding-right: 15% !important;padding-bottom: 15% !important;padding-left: 15% !important;background-color: #b0976d !important;}&#8220; offset=&#8220;vc_col-lg-offset-0 vc_col-lg-4 vc_col-md-offset-0 vc_col-md-4 vc_col-sm-offset-3&#8243;][vc_icon type=&#8220;openiconic&#8220; icon_openiconic=&#8220;vc-oi vc-oi-layers-alt&#8220; color=&#8220;white&#8220;][vc_column_text css_animation=&#8220;&#8220;]<\/p>\n<h2>Boden<\/h2>\n<p> Unsere B\u00f6den sind lehmig-tonig und bieten die optimalen Bedingungen f\u00fcr die Produktion von Weinen mit intensivem und komplexem Aroma, guter Struktur und Balance.[\/vc_column_text][\/vc_column_inner][vc_column_inner width=&#8220;1\/2&#8243; css=&#8220;.vc_custom_1636037777991{padding-top: 15% !important;padding-right: 15% !important;padding-bottom: 15% !important;padding-left: 15% !important;background-color: #121212 !important;}&#8220; offset=&#8220;vc_col-lg-offset-0 vc_col-lg-4 vc_col-md-offset-0 vc_col-md-4 vc_col-sm-offset-3&#8243;][vc_icon type=&#8220;openiconic&#8220; icon_openiconic=&#8220;vc-oi vc-oi-sun-inv&#8220; color=&#8220;custom&#8220; custom_color=&#8220;#b0976d&#8220;][vc_column_text css_animation=&#8220;&#8220;]<\/p>\n<h2>Klima<\/h2>\n<p> Die Nordwestausrichtung des Weinguts und das semi-kontinentale Klima schaffen ideale Bedingungen f\u00fcr die Erzeugung von Trauben h\u00f6chster Qualit\u00e4t.[\/vc_column_text][\/vc_column_inner][vc_column_inner width=&#8220;1\/2&#8243; css=&#8220;.vc_custom_1460628881427{padding-top: 15% !important;padding-right: 15% !important;padding-bottom: 15% !important;padding-left: 15% !important;background-color: #b0976d !important;}&#8220; offset=&#8220;vc_col-lg-offset-0 vc_col-lg-4 vc_col-md-offset-0 vc_col-md-4 vc_col-sm-offset-3&#8243;][vc_icon type=&#8220;openiconic&#8220; icon_openiconic=&#8220;vc-oi vc-oi-share&#8220; color=&#8220;white&#8220;][vc_column_text css_animation=&#8220;&#8220;]<\/p>\n<h2>Wei\u00dfe Sorten<\/h2>\n<p> Sauvignon Blanc, Chardonnay, Malagouzia, Muscat von Alexandria und Assyrtiko.[\/vc_column_text][\/vc_column_inner][\/vc_row_inner][vc_row_inner gap=&#8220;30&#8243;][vc_column_inner width=&#8220;1\/2&#8243; css=&#8220;.vc_custom_1636037785043{padding-top: 15% !important;padding-right: 15% !important;padding-bottom: 15% !important;padding-left: 15% !important;background-color: #121212 !important;}&#8220; offset=&#8220;vc_col-lg-offset-0 vc_col-lg-4 vc_col-md-offset-0 vc_col-md-4 vc_col-sm-offset-3&#8243;][vc_icon type=&#8220;openiconic&#8220; icon_openiconic=&#8220;vc-oi vc-oi-share&#8220; color=&#8220;white&#8220;][vc_column_text css_animation=&#8220;&#8220;]<\/p>\n<h2>Rote Sorten<\/h2>\n<p> Cabernet Sauvignon, Merlot, Syrah, Agiorgitiko, Moschomavro, Limnio und Pinot Noir.[\/vc_column_text][\/vc_column_inner][vc_column_inner width=&#8220;1\/2&#8243; css=&#8220;.vc_custom_1460628903037{padding-top: 15% !important;padding-right: 15% !important;padding-bottom: 15% !important;padding-left: 15% !important;background-color: #b0976d !important;}&#8220; offset=&#8220;vc_col-lg-offset-0 vc_col-lg-4 vc_col-md-offset-0 vc_col-md-4 vc_col-sm-offset-3&#8243;][vc_icon type=&#8220;openiconic&#8220; icon_openiconic=&#8220;vc-oi vc-oi-cd&#8220; color=&#8220;white&#8220;][vc_column_text css_animation=&#8220;&#8220;]<\/p>\n<h2>Pflanzung<\/h2>\n<p> Die Weinreben werden mit einer Dichte von 350 Rebst\u00f6cken pro Hektar gepflanzt, und der Ertrag wird niedrig gehalten, um die Qualit\u00e4t der Trauben zu maximieren.[\/vc_column_text][\/vc_column_inner][vc_column_inner width=&#8220;1\/2&#8243; css=&#8220;.vc_custom_1636037790749{padding-top: 15% !important;padding-right: 15% !important;padding-bottom: 15% !important;padding-left: 15% !important;background-color: #121212 !important;}&#8220; offset=&#8220;vc_col-lg-offset-0 vc_col-lg-4 vc_col-md-offset-0 vc_col-md-4 vc_col-sm-offset-3&#8243;][vc_icon type=&#8220;openiconic&#8220; icon_openiconic=&#8220;vc-oi vc-oi-cloud&#8220; color=&#8220;custom&#8220; custom_color=&#8220;#b0976d&#8220;][vc_column_text css_animation=&#8220;&#8220;]<\/p>\n<h2>Winde<\/h2>\n<p> Fast das ganze Jahr \u00fcber wehen \u00fcberwiegend nordwestliche Winde von geringer Intensit\u00e4t \u00fcber unser Weingut.[\/vc_column_text][\/vc_column_inner][\/vc_row_inner][\/vc_column][\/vc_row][vc_row css_animation=&#8220;&#8220;][vc_column css_animation=&#8220;&#8220; offset=&#8220;vc_col-lg-4 vc_col-md-4&#8243;]\n\t<div class=\"title-subtitle-box  \" style=\" text-align: left;\">\n\t\t<p  style=\"\">Manolesakis Estate<\/p>\n\t\t<h1 style=\" font-style: normal;\">Lage<\/h1>\n\t<\/div> [\/vc_column][vc_column width=&#8220;1\/2&#8243; css_animation=&#8220;&#8220; offset=&#8220;vc_col-lg-4 vc_col-md-4&#8243;][vc_single_image image=&#8220;3031&#8243; img_size=&#8220;300&#215;241&#8243; alignment=&#8220;center&#8220; css_animation=&#8220;&#8220;][\/vc_column][vc_column width=&#8220;1\/2&#8243; css_animation=&#8220;&#8220; offset=&#8220;vc_col-lg-4 vc_col-md-4&#8243;][vc_column_text css_animation=&#8220;&#8220;]Das Weingut Manolesakis der Familie Manolesakis ist seit 1989 im Weinbau und in der Weinherstellung t\u00e4tig und befindet sich in der Region Adriani in Drama.[\/vc_column_text][\/vc_column][\/vc_row][vc_row full_width=&#8220;stretch_row&#8220; full_height=&#8220;yes&#8220; content_placement=&#8220;middle&#8220; video_bg=&#8220;yes&#8220; video_bg_url=&#8220;https:\/\/www.youtube.com\/watch?v=ryCDD0cG2os&#8220; disable_element=&#8220;yes&#8220; css_animation=&#8220;&#8220;][vc_column css_animation=&#8220;&#8220;][vc_icon icon_fontawesome=&#8220;fa fa-play-circle-o&#8220; color=&#8220;custom&#8220; size=&#8220;lg&#8220; align=&#8220;center&#8220; custom_color=&#8220;#b0976d&#8220;]\n\t<div class=\"title-subtitle-box  \" style=\" text-align: center;\">\n\t\t<p  style=\"\">Watch the<\/p>\n\t\t<h1 style=\" color:#ffffff;  font-style: normal;\">Estate drone footage<\/h1>\n\t<\/div> [\/vc_column][\/vc_row][vc_row equal_height=&#8220;yes&#8220; content_placement=&#8220;middle&#8220; disable_element=&#8220;yes&#8220; css_animation=&#8220;&#8220; css=&#8220;.vc_custom_1674633800372{padding-bottom: 0px !important;}&#8220;][vc_column css_animation=&#8220;&#8220; css=&#8220;.vc_custom_1636448406272{margin-top: 0px !important;margin-right: 0px !important;margin-bottom: 0px !important;margin-left: 0px !important;padding-top: 0px !important;padding-right: 0px !important;padding-bottom: 0px !important;padding-left: 0px !important;background-image: url(https:\/\/okthemes.com\/villenoirdarkdemo\/wp-content\/uploads\/2021\/11\/dummy-image-tall.jpg?id=2926) !important;background-position: center !important;background-repeat: no-repeat !important;background-size: cover !important;}&#8220; offset=&#8220;vc_col-lg-6 vc_col-md-6&#8243;][vc_empty_space height=&#8220;500px&#8220;][\/vc_column][vc_column css_animation=&#8220;&#8220; css=&#8220;.vc_custom_1636038184360{padding-top: 20% !important;padding-right: 20% !important;padding-bottom: 20% !important;padding-left: 20% !important;background-color: #121212 !important;}&#8220; offset=&#8220;vc_col-lg-6 vc_col-md-6&#8243;]\n\t<div class=\"title-subtitle-box  \" style=\" margin-bottom:90px; text-align: center;\">\n\t\t<p  style=\"\">The estate<\/p>\n\t\t<h1 style=\" font-style: normal;\">Tasting  Tours<\/h1>\n\t<\/div> [vc_column_text css_animation=&#8220;&#8220; css=&#8220;.vc_custom_1457626016290{margin-bottom: 90px !important;}&#8220;]<\/p>\n<p style=\"text-align: center;\">Lorem ipsum dolor sit amet, consectetur adipiscing. Cras vel iaculis urna. Cras bibendum ex id dolor facilisis, in tempor lacus dapibus.  <\/p>\n<p>[\/vc_column_text][vc_btn title=&#8220;Read more&#8220; style=&#8220;custom&#8220; custom_background=&#8220;#b0976d&#8220; custom_text=&#8220;#ffffff&#8220; shape=&#8220;square&#8220; align=&#8220;center&#8220; css_animation=&#8220;&#8220; link=&#8220;url:%23|&#8220;][\/vc_column][\/vc_row][vc_row equal_height=&#8220;yes&#8220; content_placement=&#8220;middle&#8220; disable_element=&#8220;yes&#8220; reverse_columns_mobile=&#8220;yes&#8220; css_animation=&#8220;&#8220; css=&#8220;.vc_custom_1674633837701{padding-top: 0px !important;padding-bottom: 0px !important;}&#8220;][vc_column css_animation=&#8220;&#8220; css=&#8220;.vc_custom_1636038190335{padding-top: 20% !important;padding-right: 20% !important;padding-bottom: 20% !important;padding-left: 20% !important;background-color: #121212 !important;}&#8220; offset=&#8220;vc_col-lg-6 vc_col-md-6&#8243;]\n\t<div class=\"title-subtitle-box  \" style=\" text-align: center;\">\n\t\t<p  style=\"\">The estate<\/p>\n\t\t<h1 style=\" font-style: normal;\">Corporate  Private Events<\/h1>\n\t<\/div> [vc_column_text css_animation=&#8220;&#8220; css=&#8220;.vc_custom_1457626016290{margin-bottom: 90px !important;}&#8220;]<\/p>\n<p style=\"text-align: center;\">Lorem ipsum dolor sit amet, consectetur adipiscing. Cras vel iaculis urna. Cras bibendum ex id dolor facilisis, in tempor lacus dapibus.  <\/p>\n<p>[\/vc_column_text][vc_btn title=&#8220;Read more&#8220; style=&#8220;custom&#8220; custom_background=&#8220;#b0976d&#8220; custom_text=&#8220;#ffffff&#8220; shape=&#8220;square&#8220; align=&#8220;center&#8220; css_animation=&#8220;&#8220; link=&#8220;url:%23|&#8220;][\/vc_column][vc_column css_animation=&#8220;&#8220; css=&#8220;.vc_custom_1636448417952{margin-top: 0px !important;margin-right: 0px !important;margin-bottom: 0px !important;margin-left: 0px !important;padding-top: 0px !important;padding-right: 0px !important;padding-bottom: 0px !important;padding-left: 0px !important;background-image: url(https:\/\/okthemes.com\/villenoirdarkdemo\/wp-content\/uploads\/2021\/11\/dummy-image-tall.jpg?id=2926) !important;background-position: center !important;background-repeat: no-repeat !important;background-size: cover !important;}&#8220; offset=&#8220;vc_col-lg-6 vc_col-md-6&#8243;][vc_empty_space height=&#8220;500px&#8220;][\/vc_column][\/vc_row][vc_row equal_height=&#8220;yes&#8220; content_placement=&#8220;middle&#8220; disable_element=&#8220;yes&#8220; css_animation=&#8220;&#8220; css=&#8220;.vc_custom_1674633845389{padding-top: 0px !important;}&#8220;][vc_column css_animation=&#8220;&#8220; css=&#8220;.vc_custom_1636448434512{margin-top: 0px !important;margin-right: 0px !important;margin-bottom: 0px !important;margin-left: 0px !important;padding-top: 0px !important;padding-right: 0px !important;padding-bottom: 0px !important;padding-left: 0px !important;background-image: url(https:\/\/okthemes.com\/villenoirdarkdemo\/wp-content\/uploads\/2021\/11\/dummy-image-tall.jpg?id=2926) !important;background-position: center !important;background-repeat: no-repeat !important;background-size: cover !important;}&#8220; offset=&#8220;vc_col-lg-6 vc_col-md-6&#8243;][vc_empty_space height=&#8220;500px&#8220;][\/vc_column][vc_column css_animation=&#8220;&#8220; css=&#8220;.vc_custom_1636038197821{padding-top: 20% !important;padding-right: 20% !important;padding-bottom: 20% !important;padding-left: 20% !important;background-color: #121212 !important;}&#8220; offset=&#8220;vc_col-lg-6 vc_col-md-6&#8243;]\n\t<div class=\"title-subtitle-box  \" style=\" margin-bottom:90px; text-align: center;\">\n\t\t<p  style=\"\">The estate<\/p>\n\t\t<h1 style=\" font-style: normal;\">Weddings at the Estate<\/h1>\n\t<\/div> [vc_column_text css_animation=&#8220;&#8220; css=&#8220;.vc_custom_1457626016290{margin-bottom: 90px !important;}&#8220;]<\/p>\n<p style=\"text-align: center;\">Lorem ipsum dolor sit amet, consectetur adipiscing. Cras vel iaculis urna. Cras bibendum ex id dolor facilisis, in tempor lacus dapibus.  <\/p>\n<p>[\/vc_column_text][vc_btn title=&#8220;Read more&#8220; style=&#8220;custom&#8220; custom_background=&#8220;#b0976d&#8220; custom_text=&#8220;#ffffff&#8220; shape=&#8220;square&#8220; align=&#8220;center&#8220; css_animation=&#8220;&#8220; link=&#8220;url:%23|&#8220;][\/vc_column][\/vc_row][vc_row full_width=&#8220;stretch_row&#8220; css_animation=&#8220;&#8220; css=&#8220;.vc_custom_1636038354161{padding-top: 150px !important;padding-bottom: 150px !important;background: #000000 url(https:\/\/okthemes.com\/villenoirdarkdemo\/wp-content\/uploads\/2021\/11\/the-estate-our-address.jpg?id=2655) !important;background-position: center !important;background-repeat: no-repeat !important;background-size: cover !important;}&#8220;][vc_column css_animation=&#8220;&#8220; offset=&#8220;vc_col-lg-offset-2 vc_col-lg-8 vc_col-md-offset-2 vc_col-md-8&#8243;]\n\t<div class=\"title-subtitle-box  vc_custom_1674633877894\" style=\" margin-bottom:90px; text-align: center;\">\n\t\t<p  style=\"\">Manolesakis Estate<\/p>\n\t\t<h1 style=\" font-style: normal;\">Besuchen Sie uns...<\/h1>\n\t<\/div> [vc_btn title=&#8220;TOUREN&#8220; style=&#8220;custom&#8220; custom_background=&#8220;#b0976d&#8220; custom_text=&#8220;#ffffff&#8220; shape=&#8220;square&#8220; align=&#8220;center&#8220; css_animation=&#8220;&#8220; link=&#8220;url:https%3A%2F%2Fmanolesakis.gr%2Fde%2Ftouren%2F|&#8220;][\/vc_column][\/vc_row]<\/p>\n<\/section>","protected":false},"excerpt":{"rendered":"<p>[vc_row full_width=&#8220;stretch_row_content_no_spaces&#8220; css_animation=&#8220;&#8220; css=&#8220;.vc_custom_1458555179979{padding-bottom: 0px !important;}&#8220;][vc_column css_animation=&#8220;&#8220;][vc_gallery interval=&#8220;0&#8243; images=&#8220;3367,3366,3176,3175&#8243; img_size=&#8220;full&#8220; onclick=&#8220;&#8220;][\/vc_column][\/vc_row][vc_row css_animation=&#8220;&#8220; css=&#8220;.vc_custom_1458737831058{padding-bottom: 0px !important;}&#8220;][vc_column width=&#8220;1\/6&#8243; css_animation=&#8220;&#8220;][\/vc_column][vc_column width=&#8220;2\/3&#8243; css_animation=&#8220;&#8220; css=&#8220;.vc_custom_1458555142589{padding-right: 10% !important;padding-left: 10% !important;}&#8220;][vc_column_text css_animation=&#8220;&#8220;]Das Weingut befindet sich in einer<br class=\"read-more-spacer\"> <a class=\"more-link\" href=\"https:\/\/manolesakis.gr\/de\/unser-weingut\/\">Read More<\/a><\/p>\n","protected":false},"author":2,"featured_media":0,"parent":0,"menu_order":0,"comment_status":"closed","ping_status":"closed","template":"","meta":{"footnotes":""},"class_list":["post-3816","page","type-page","status-publish","hentry"],"acf":[],"yoast_head":"<!-- This site is optimized with the Yoast SEO plugin v26.8 - https:\/\/yoast.com\/product\/yoast-seo-wordpress\/ -->\n<title>Unser Weingut | \u039a\u03c4\u03ae\u03bc\u03b1 \u039c\u03b1\u03bd\u03c9\u03bb\u03b5\u03c3\u03ac\u03ba\u03b7<\/title>\n<meta name=\"robots\" content=\"index, follow, max-snippet:-1, max-image-preview:large, max-video-preview:-1\" \/>\n<link rel=\"canonical\" href=\"https:\/\/manolesakis.gr\/de\/unser-weingut\/\" \/>\n<meta property=\"og:locale\" content=\"de_DE\" \/>\n<meta property=\"og:type\" content=\"article\" \/>\n<meta property=\"og:title\" content=\"Unser Weingut | \u039a\u03c4\u03ae\u03bc\u03b1 \u039c\u03b1\u03bd\u03c9\u03bb\u03b5\u03c3\u03ac\u03ba\u03b7\" \/>\n<meta property=\"og:description\" content=\"[vc_row full_width=&#8220;stretch_row_content_no_spaces&#8220; css_animation=&#8220;&#8220; css=&#8220;.vc_custom_1458555179979{padding-bottom: 0px !important;}&#8220;][vc_column css_animation=&#8220;&#8220;][vc_gallery interval=&#8220;0&#8243; images=&#8220;3367,3366,3176,3175&#8243; img_size=&#8220;full&#8220; onclick=&#8220;&#8220;][\/vc_column][\/vc_row][vc_row css_animation=&#8220;&#8220; css=&#8220;.vc_custom_1458737831058{padding-bottom: 0px !important;}&#8220;][vc_column width=&#8220;1\/6&#8243; css_animation=&#8220;&#8220;][\/vc_column][vc_column width=&#8220;2\/3&#8243; css_animation=&#8220;&#8220; css=&#8220;.vc_custom_1458555142589{padding-right: 10% !important;padding-left: 10% !important;}&#8220;][vc_column_text css_animation=&#8220;&#8220;]Das Weingut befindet sich in einer Read More\" \/>\n<meta property=\"og:url\" content=\"https:\/\/manolesakis.gr\/de\/unser-weingut\/\" \/>\n<meta property=\"og:site_name\" content=\"\u039a\u03c4\u03ae\u03bc\u03b1 \u039c\u03b1\u03bd\u03c9\u03bb\u03b5\u03c3\u03ac\u03ba\u03b7\" \/>\n<meta property=\"article:modified_time\" content=\"2024-10-01T19:51:49+00:00\" \/>\n<meta name=\"twitter:card\" content=\"summary_large_image\" \/>\n<meta name=\"twitter:label1\" content=\"Gesch\u00e4tzte Lesezeit\" \/>\n\t<meta name=\"twitter:data1\" content=\"8\u00a0Minuten\" \/>\n<script type=\"application\/ld+json\" class=\"yoast-schema-graph\">{\"@context\":\"https:\/\/schema.org\",\"@graph\":[{\"@type\":\"WebPage\",\"@id\":\"https:\/\/manolesakis.gr\/de\/unser-weingut\/\",\"url\":\"https:\/\/manolesakis.gr\/de\/unser-weingut\/\",\"name\":\"Unser Weingut | \u039a\u03c4\u03ae\u03bc\u03b1 \u039c\u03b1\u03bd\u03c9\u03bb\u03b5\u03c3\u03ac\u03ba\u03b7\",\"isPartOf\":{\"@id\":\"https:\/\/manolesakis.gr\/#website\"},\"datePublished\":\"2016-03-21T09:58:31+00:00\",\"dateModified\":\"2024-10-01T19:51:49+00:00\",\"breadcrumb\":{\"@id\":\"https:\/\/manolesakis.gr\/de\/unser-weingut\/#breadcrumb\"},\"inLanguage\":\"de\",\"potentialAction\":[{\"@type\":\"ReadAction\",\"target\":[\"https:\/\/manolesakis.gr\/de\/unser-weingut\/\"]}]},{\"@type\":\"BreadcrumbList\",\"@id\":\"https:\/\/manolesakis.gr\/de\/unser-weingut\/#breadcrumb\",\"itemListElement\":[{\"@type\":\"ListItem\",\"position\":1,\"name\":\"\u0391\u03c1\u03c7\u03b9\u03ba\u03ae\",\"item\":\"https:\/\/manolesakis.gr\/de\/homepage\/\"},{\"@type\":\"ListItem\",\"position\":2,\"name\":\"Unser Weingut\"}]},{\"@type\":\"WebSite\",\"@id\":\"https:\/\/manolesakis.gr\/#website\",\"url\":\"https:\/\/manolesakis.gr\/\",\"name\":\"\u039a\u03c4\u03ae\u03bc\u03b1 \u039c\u03b1\u03bd\u03c9\u03bb\u03b5\u03c3\u03ac\u03ba\u03b7\",\"description\":\"\",\"publisher\":{\"@id\":\"https:\/\/manolesakis.gr\/#organization\"},\"potentialAction\":[{\"@type\":\"SearchAction\",\"target\":{\"@type\":\"EntryPoint\",\"urlTemplate\":\"https:\/\/manolesakis.gr\/?s={search_term_string}\"},\"query-input\":{\"@type\":\"PropertyValueSpecification\",\"valueRequired\":true,\"valueName\":\"search_term_string\"}}],\"inLanguage\":\"de\"},{\"@type\":\"Organization\",\"@id\":\"https:\/\/manolesakis.gr\/#organization\",\"name\":\"\u039a\u03c4\u03ae\u03bc\u03b1 \u039c\u03b1\u03bd\u03c9\u03bb\u03b5\u03c3\u03ac\u03ba\u03b7\",\"url\":\"https:\/\/manolesakis.gr\/\",\"logo\":{\"@type\":\"ImageObject\",\"inLanguage\":\"de\",\"@id\":\"https:\/\/manolesakis.gr\/#\/schema\/logo\/image\/\",\"url\":\"https:\/\/manolesakis.gr\/wp-content\/uploads\/2023\/01\/ESTATE-MANOLESAKIS.png\",\"contentUrl\":\"https:\/\/manolesakis.gr\/wp-content\/uploads\/2023\/01\/ESTATE-MANOLESAKIS.png\",\"width\":145,\"height\":145,\"caption\":\"\u039a\u03c4\u03ae\u03bc\u03b1 \u039c\u03b1\u03bd\u03c9\u03bb\u03b5\u03c3\u03ac\u03ba\u03b7\"},\"image\":{\"@id\":\"https:\/\/manolesakis.gr\/#\/schema\/logo\/image\/\"}}]}<\/script>\n<!-- \/ Yoast SEO plugin. -->","yoast_head_json":{"title":"Unser Weingut | \u039a\u03c4\u03ae\u03bc\u03b1 \u039c\u03b1\u03bd\u03c9\u03bb\u03b5\u03c3\u03ac\u03ba\u03b7","robots":{"index":"index","follow":"follow","max-snippet":"max-snippet:-1","max-image-preview":"max-image-preview:large","max-video-preview":"max-video-preview:-1"},"canonical":"https:\/\/manolesakis.gr\/de\/unser-weingut\/","og_locale":"de_DE","og_type":"article","og_title":"Unser Weingut | \u039a\u03c4\u03ae\u03bc\u03b1 \u039c\u03b1\u03bd\u03c9\u03bb\u03b5\u03c3\u03ac\u03ba\u03b7","og_description":"[vc_row full_width=&#8220;stretch_row_content_no_spaces&#8220; css_animation=&#8220;&#8220; css=&#8220;.vc_custom_1458555179979{padding-bottom: 0px !important;}&#8220;][vc_column css_animation=&#8220;&#8220;][vc_gallery interval=&#8220;0&#8243; images=&#8220;3367,3366,3176,3175&#8243; img_size=&#8220;full&#8220; onclick=&#8220;&#8220;][\/vc_column][\/vc_row][vc_row css_animation=&#8220;&#8220; css=&#8220;.vc_custom_1458737831058{padding-bottom: 0px !important;}&#8220;][vc_column width=&#8220;1\/6&#8243; css_animation=&#8220;&#8220;][\/vc_column][vc_column width=&#8220;2\/3&#8243; css_animation=&#8220;&#8220; css=&#8220;.vc_custom_1458555142589{padding-right: 10% !important;padding-left: 10% !important;}&#8220;][vc_column_text css_animation=&#8220;&#8220;]Das Weingut befindet sich in einer Read More","og_url":"https:\/\/manolesakis.gr\/de\/unser-weingut\/","og_site_name":"\u039a\u03c4\u03ae\u03bc\u03b1 \u039c\u03b1\u03bd\u03c9\u03bb\u03b5\u03c3\u03ac\u03ba\u03b7","article_modified_time":"2024-10-01T19:51:49+00:00","twitter_card":"summary_large_image","twitter_misc":{"Gesch\u00e4tzte Lesezeit":"8\u00a0Minuten"},"schema":{"@context":"https:\/\/schema.org","@graph":[{"@type":"WebPage","@id":"https:\/\/manolesakis.gr\/de\/unser-weingut\/","url":"https:\/\/manolesakis.gr\/de\/unser-weingut\/","name":"Unser Weingut | \u039a\u03c4\u03ae\u03bc\u03b1 \u039c\u03b1\u03bd\u03c9\u03bb\u03b5\u03c3\u03ac\u03ba\u03b7","isPartOf":{"@id":"https:\/\/manolesakis.gr\/#website"},"datePublished":"2016-03-21T09:58:31+00:00","dateModified":"2024-10-01T19:51:49+00:00","breadcrumb":{"@id":"https:\/\/manolesakis.gr\/de\/unser-weingut\/#breadcrumb"},"inLanguage":"de","potentialAction":[{"@type":"ReadAction","target":["https:\/\/manolesakis.gr\/de\/unser-weingut\/"]}]},{"@type":"BreadcrumbList","@id":"https:\/\/manolesakis.gr\/de\/unser-weingut\/#breadcrumb","itemListElement":[{"@type":"ListItem","position":1,"name":"\u0391\u03c1\u03c7\u03b9\u03ba\u03ae","item":"https:\/\/manolesakis.gr\/de\/homepage\/"},{"@type":"ListItem","position":2,"name":"Unser Weingut"}]},{"@type":"WebSite","@id":"https:\/\/manolesakis.gr\/#website","url":"https:\/\/manolesakis.gr\/","name":"\u039a\u03c4\u03ae\u03bc\u03b1 \u039c\u03b1\u03bd\u03c9\u03bb\u03b5\u03c3\u03ac\u03ba\u03b7","description":"","publisher":{"@id":"https:\/\/manolesakis.gr\/#organization"},"potentialAction":[{"@type":"SearchAction","target":{"@type":"EntryPoint","urlTemplate":"https:\/\/manolesakis.gr\/?s={search_term_string}"},"query-input":{"@type":"PropertyValueSpecification","valueRequired":true,"valueName":"search_term_string"}}],"inLanguage":"de"},{"@type":"Organization","@id":"https:\/\/manolesakis.gr\/#organization","name":"\u039a\u03c4\u03ae\u03bc\u03b1 \u039c\u03b1\u03bd\u03c9\u03bb\u03b5\u03c3\u03ac\u03ba\u03b7","url":"https:\/\/manolesakis.gr\/","logo":{"@type":"ImageObject","inLanguage":"de","@id":"https:\/\/manolesakis.gr\/#\/schema\/logo\/image\/","url":"https:\/\/manolesakis.gr\/wp-content\/uploads\/2023\/01\/ESTATE-MANOLESAKIS.png","contentUrl":"https:\/\/manolesakis.gr\/wp-content\/uploads\/2023\/01\/ESTATE-MANOLESAKIS.png","width":145,"height":145,"caption":"\u039a\u03c4\u03ae\u03bc\u03b1 \u039c\u03b1\u03bd\u03c9\u03bb\u03b5\u03c3\u03ac\u03ba\u03b7"},"image":{"@id":"https:\/\/manolesakis.gr\/#\/schema\/logo\/image\/"}}]}},"_links":{"self":[{"href":"https:\/\/manolesakis.gr\/de\/wp-json\/wp\/v2\/pages\/3816","targetHints":{"allow":["GET"]}}],"collection":[{"href":"https:\/\/manolesakis.gr\/de\/wp-json\/wp\/v2\/pages"}],"about":[{"href":"https:\/\/manolesakis.gr\/de\/wp-json\/wp\/v2\/types\/page"}],"author":[{"embeddable":true,"href":"https:\/\/manolesakis.gr\/de\/wp-json\/wp\/v2\/users\/2"}],"replies":[{"embeddable":true,"href":"https:\/\/manolesakis.gr\/de\/wp-json\/wp\/v2\/comments?post=3816"}],"version-history":[{"count":2,"href":"https:\/\/manolesakis.gr\/de\/wp-json\/wp\/v2\/pages\/3816\/revisions"}],"predecessor-version":[{"id":3818,"href":"https:\/\/manolesakis.gr\/de\/wp-json\/wp\/v2\/pages\/3816\/revisions\/3818"}],"wp:attachment":[{"href":"https:\/\/manolesakis.gr\/de\/wp-json\/wp\/v2\/media?parent=3816"}],"curies":[{"name":"wp","href":"https:\/\/api.w.org\/{rel}","templated":true}]}}