{"id":3795,"date":"2018-05-21T18:14:40","date_gmt":"2018-05-21T18:14:40","guid":{"rendered":"https:\/\/manolesakis.gr\/touren\/"},"modified":"2024-10-03T21:37:54","modified_gmt":"2024-10-03T21:37:54","slug":"touren","status":"publish","type":"page","link":"https:\/\/manolesakis.gr\/de\/touren\/","title":{"rendered":"TOUREN"},"content":{"rendered":"<section class=\"wpb-content-wrapper\"><p>[vc_row css_animation=&#8220;&#8220; css=&#8220;.vc_custom_1526047811183{padding-bottom: 0px !important;}&#8220;][vc_column width=&#8220;1\/6&#8243; css_animation=&#8220;&#8220;][\/vc_column][vc_column width=&#8220;2\/3&#8243; css_animation=&#8220;&#8220; css=&#8220;.vc_custom_1526304946515{padding-right: 5% !important;padding-left: 5% !important;}&#8220;]\n\t<div class=\"title-subtitle-box  \" style=\" text-align: center;\">\n\t\t<h1 style=\" font-style: normal;\">Besuchen Sie uns!<\/h1>\n\t<\/div> [vc_column_text css_animation=&#8220;&#8220; css=&#8220;.vc_custom_1673963834579{margin-bottom: 0px !important;}&#8220;]<\/p>\n<p style=\"text-align: center;\">Wir laden Sie herzlich ein, uns pers\u00f6nlich kennenzulernen und die faszinierende Welt des Weins aus erster Hand zu erleben. Unser Weingut \u00f6ffnet seine T\u00fcren f\u00fcr Weinliebhaber und alle, die mehr \u00fcber Weinherstellung erfahren m\u00f6chten. Unsere Tour f\u00fchrt Sie durch das gesamte Anwesen, von den Weing\u00fctern bis zu den Produktionsanlagen, der Abf\u00fcllung und der Lagerung.<\/p>\n<p>[\/vc_column_text]<div class=\"gg-horizontal-list  vc_custom_1673963865758\"><dl class=\"horizontal\">\n\t<dt >DAUER<\/dt>\n\t<dd >Die F\u00fchrung dauert in der Regel zwischen 30 und 45 Minuten.<\/dd>\n\t<dt >Verkostungsproben<\/dt>\n\t<dd >Besucher k\u00f6nnen aus der Weinkarte des Weinguts die Etiketten ausw\u00e4hlen, die sie probieren m\u00f6chten.<\/dd><\/dl><\/div>[\/vc_column][vc_column width=&#8220;1\/6&#8243; css_animation=&#8220;&#8220;][\/vc_column][\/vc_row][vc_row css_animation=&#8220;&#8220;][vc_column css_animation=&#8220;&#8220;][vc_single_image image=&#8220;3234&#8243; img_size=&#8220;full&#8220; alignment=&#8220;center&#8220; css_animation=&#8220;&#8220;][vc_row_inner][vc_column_inner width=&#8220;1\/3&#8243;]\n\t<div class=\"gg-clubbox \" style=\"text-align:center;\">\n\t\t<div class=\"club-image\"><\/div>\n\t\t<div class=\"gg-clubbox-content gg-center\">\n\t\t<span class=\"club-top-title\" >Manolesakis Estate<\/span>\n\t\t<h4 class=\"club-title\" >3 Weine<\/h4>\n\t\t<div class=\"club-description\" ><p>Verkosten Sie drei unserer Weine der aktuellen Ernte, begleitet von einer passenden K\u00e4seplatte und Crackers.<\/p>\n<\/div>\n\t\t<p class=\"club-price\" >7\u20ac <span class=\"club-price-affix\" ><\/span><\/p>\n\t<\/div>\n\t<\/div>[\/vc_column_inner][vc_column_inner width=&#8220;1\/3&#8243;]\n\t<div class=\"gg-clubbox \" style=\"text-align:center;\">\n\t\t<div class=\"club-image\"><\/div>\n\t\t<div class=\"gg-clubbox-content gg-center\">\n\t\t<span class=\"club-top-title\" >Manolesakis Estate<\/span>\n\t\t<h4 class=\"club-title\" >5 Weine<\/h4>\n\t\t<div class=\"club-description\" ><p>Verkosten Sie f\u00fcnf unserer Weine der aktuellen Ernte, begleitet von einer passenden K\u00e4seplatte und Crackers.<\/p>\n<\/div>\n\t\t<p class=\"club-price\" >10\u20ac <span class=\"club-price-affix\" ><\/span><\/p>\n\t<\/div>\n\t<\/div>[\/vc_column_inner][vc_column_inner width=&#8220;1\/3&#8243;]\n\t<div class=\"gg-clubbox \" style=\"text-align:center;\">\n\t\t<div class=\"club-image\"><\/div>\n\t\t<div class=\"gg-clubbox-content gg-center\">\n\t\t<span class=\"club-top-title\" >Manolesakis Estate<\/span>\n\t\t<h4 class=\"club-title\" >8 Weine<\/h4>\n\t\t<div class=\"club-description\" ><p>Verkosten Sie acht unserer Weine der aktuellen Ernte, begleitet von einer passenden K\u00e4seplatte und Crackers.<\/p>\n<\/div>\n\t\t<p class=\"club-price\" >15\u20ac <span class=\"club-price-affix\" ><\/span><\/p>\n\t<\/div>\n\t<\/div>[\/vc_column_inner][\/vc_row_inner][\/vc_column][\/vc_row][vc_row equal_height=&#8220;yes&#8220; content_placement=&#8220;middle&#8220; css_animation=&#8220;&#8220; css=&#8220;.vc_custom_1526304651436{padding-top: 0px !important;padding-bottom: 0px !important;}&#8220;][vc_column css_animation=&#8220;&#8220; css=&#8220;.vc_custom_1700552606693{margin-top: 0px !important;margin-right: 0px !important;margin-bottom: 0px !important;margin-left: 0px !important;padding-top: 0px !important;padding-right: 0px !important;padding-bottom: 0px !important;padding-left: 0px !important;background-image: url(https:\/\/manolesakis.gr\/wp-content\/uploads\/2023\/11\/blueeye-1051-scaled.jpg?id=3370) !important;background-position: center !important;background-repeat: no-repeat !important;background-size: cover !important;}&#8220; offset=&#8220;vc_col-lg-6 vc_col-md-6&#8243;][vc_empty_space height=&#8220;700px&#8220;][\/vc_column][vc_column css_animation=&#8220;&#8220; css=&#8220;.vc_custom_1636105754138{padding-top: 20% !important;padding-right: 20% !important;padding-bottom: 20% !important;padding-left: 20% !important;background-color: #121212 !important;}&#8220; offset=&#8220;vc_col-lg-6 vc_col-md-6&#8243;]\n\t<div class=\"title-subtitle-box  \" style=\" text-align: center;\">\n\t\t<p  style=\"\">Manolesakis Estate<\/p>\n\t\t<h1 style=\" font-style: normal;\">Vollst\u00e4ndige Tour<\/h1>\n\t<\/div> [vc_column_text css_animation=&#8220;&#8220; css=&#8220;.vc_custom_1673964984428{margin-bottom: 0px !important;}&#8220;]<\/p>\n<p style=\"text-align: center;\">F\u00fcr eine umfassende Erfahrung bieten wir eine vollst\u00e4ndige F\u00fchrung an, die jeden Schritt unserer Weinherstellung abdeckt, einschlie\u00dflich Weingut, Produktionsanlagen, Abf\u00fcllung und Lagerung.<\/p>\n<p>[\/vc_column_text][\/vc_column][\/vc_row][vc_row equal_height=&#8220;yes&#8220; content_placement=&#8220;middle&#8220; css_animation=&#8220;&#8220; css=&#8220;.vc_custom_1526041005372{padding-top: 0px !important;padding-bottom: 0px !important;}&#8220;][vc_column css_animation=&#8220;&#8220; css=&#8220;.vc_custom_1636105763054{padding-top: 20% !important;padding-right: 20% !important;padding-bottom: 20% !important;padding-left: 20% !important;background-color: #121212 !important;}&#8220; offset=&#8220;vc_col-lg-6 vc_col-md-6&#8243;]\n\t<div class=\"title-subtitle-box  \" style=\" text-align: center;\">\n\t\t<p  style=\"\">Manolesakis Estate<\/p>\n\t\t<h1 style=\" font-style: normal;\">Weinverkostung<\/h1>\n\t<\/div> [vc_column_text css_animation=&#8220;&#8220; css=&#8220;.vc_custom_1674633966112{margin-bottom: 0px !important;}&#8220;]<\/p>\n<p style=\"text-align: center;\">Sie haben die M\u00f6glichkeit, beliebige oder sogar alle Etiketten zu verkosten, die wir produzieren, genau dort, wo sie entstehen.<\/p>\n<p>[\/vc_column_text][\/vc_column][vc_column css_animation=&#8220;&#8220; css=&#8220;.vc_custom_1700552683012{margin-top: 0px !important;margin-right: 0px !important;margin-bottom: 0px !important;margin-left: 0px !important;padding-top: 0px !important;padding-right: 0px !important;padding-bottom: 0px !important;padding-left: 0px !important;background-image: url(https:\/\/manolesakis.gr\/wp-content\/uploads\/2023\/11\/blueeye-1296-scaled.jpg?id=3371) !important;background-position: center !important;background-repeat: no-repeat !important;background-size: cover !important;}&#8220; offset=&#8220;vc_col-lg-6 vc_col-md-6&#8243;][vc_empty_space height=&#8220;700px&#8220;][\/vc_column][\/vc_row][vc_row equal_height=&#8220;yes&#8220; content_placement=&#8220;middle&#8220; css_animation=&#8220;&#8220; css=&#8220;.vc_custom_1526041586423{padding-top: 0px !important;}&#8220;][vc_column css_animation=&#8220;&#8220; css=&#8220;.vc_custom_1681888894080{margin-top: 0px !important;margin-right: 0px !important;margin-bottom: 0px !important;margin-left: 0px !important;padding-top: 0px !important;padding-right: 0px !important;padding-bottom: 0px !important;padding-left: 0px !important;background-image: url(https:\/\/manolesakis.gr\/wp-content\/uploads\/2023\/02\/M0A1209-1.jpg?id=3196) !important;background-position: center !important;background-repeat: no-repeat !important;background-size: cover !important;}&#8220; offset=&#8220;vc_col-lg-6 vc_col-md-6&#8243;][vc_empty_space height=&#8220;700px&#8220;][\/vc_column][vc_column css_animation=&#8220;&#8220; css=&#8220;.vc_custom_1636105774572{padding-top: 20% !important;padding-right: 20% !important;padding-bottom: 20% !important;padding-left: 20% !important;background-color: #121212 !important;}&#8220; offset=&#8220;vc_col-lg-6 vc_col-md-6&#8243;]\n\t<div class=\"title-subtitle-box  \" style=\" text-align: center;\">\n\t\t<p  style=\"\">Manolesakis Estate<\/p>\n\t\t<h1 style=\" font-style: normal;\">Kulinarische Begleitung<\/h1>\n\t<\/div> [vc_column_text css_animation=&#8220;&#8220; css=&#8220;.vc_custom_1673965267277{margin-bottom: 0px !important;}&#8220;]<\/p>\n<p style=\"text-align: center;\">Jedes Erwachsenenf\u00fchrungspaket ist von einer passenden Auswahl an K\u00e4se und Crackern begleitet, um die einzigartigen Aromen unserer Weine optimal zu erg\u00e4nzen.<\/p>\n<p>[\/vc_column_text][\/vc_column][\/vc_row][vc_row css_animation=&#8220;&#8220; css=&#8220;.vc_custom_1526304628017{padding-top: 0px !important;padding-bottom: 0px !important;}&#8220;][vc_column width=&#8220;1\/6&#8243; css_animation=&#8220;&#8220;][\/vc_column][vc_column width=&#8220;2\/3&#8243; css_animation=&#8220;&#8220; css=&#8220;.vc_custom_1458555142589{padding-right: 10% !important;padding-left: 10% !important;}&#8220;]\n\t<div class=\"title-subtitle-box  \" style=\" text-align: center;\">\n\t\t<p  style=\"\">Manolesakis Estate<\/p>\n\t\t<h1 style=\" font-style: normal;\">Reservierung<\/h1>\n\t<\/div> [vc_column_text css_animation=&#8220;&#8220;]<\/p>\n<p style=\"text-align: center;\">Wir bieten t\u00e4glich Verkostungen und F\u00fchrungen nach Terminvereinbarung an. Buchen Sie Ihren Besuch telefonisch, per E-Mail oder nutzen Sie unser Online-Formular.<\/p>\n<p>[\/vc_column_text][\/vc_column][vc_column width=&#8220;1\/6&#8243; css_animation=&#8220;&#8220;][\/vc_column][\/vc_row][vc_row equal_height=&#8220;yes&#8220; content_placement=&#8220;top&#8220; css_animation=&#8220;&#8220; css=&#8220;.vc_custom_1526303856754{padding-top: 0px !important;}&#8220;][vc_column width=&#8220;1\/3&#8243; css_animation=&#8220;&#8220; css=&#8220;.vc_custom_1526303698491{padding: 15% !important;background-color: #b0976d !important;}&#8220;][vc_icon icon_fontawesome=&#8220;fas fa-phone-alt&#8220; color=&#8220;white&#8220; size=&#8220;lg&#8220;]\n\t<div class=\"gg-infobox vc_custom_1673964709122\" style=\"text-align:left;\">\n\t\t<p class=\"subtitle\" style=\"color: #ffffff;\">Telefon<\/p>\n\t\t<div class=\"description\" style=\"color: #ffffff;\"><p><span style=\"color: #ffffff;\"><a style=\"color: #ffffff;\" href=\"tel:2521082010\">2521082010<\/a><\/span><span style=\"color: #ffffff;\"><a style=\"color: #ffffff;\" href=\"tel:6934113994\">6934113994<\/a><\/span><\/p>\n<\/div>\n\t<\/div> [\/vc_column][vc_column width=&#8220;1\/3&#8243; css_animation=&#8220;&#8220; css=&#8220;.vc_custom_1636105433019{padding-top: 15% !important;padding-right: 15% !important;padding-bottom: 15% !important;padding-left: 15% !important;background-color: #121212 !important;}&#8220;][vc_icon icon_fontawesome=&#8220;fas fa-envelope&#8220; color=&#8220;custom&#8220; size=&#8220;lg&#8220; custom_color=&#8220;#b0976d&#8220;]\n\t<div class=\"gg-infobox vc_custom_1673964524400\" style=\"text-align:left;\">\n\t\t<p class=\"subtitle\" style=\"color: #ffffff;\">Email<\/p>\n\t\t<div class=\"description\" ><p><a href=\"mailto:estatemanolesakis@gmail.com\">estatemanolesakis@gmail.com<\/a><\/p>\n<\/div>\n\t<\/div> [\/vc_column][vc_column width=&#8220;1\/3&#8243; css_animation=&#8220;&#8220; css=&#8220;.vc_custom_1526303756413{padding: 15% !important;background-color: #b0976d !important;}&#8220;][vc_icon icon_fontawesome=&#8220;fab fa-wpforms&#8220; color=&#8220;white&#8220; size=&#8220;lg&#8220;]\n\t<div class=\"gg-infobox vc_custom_1673965337935\" style=\"text-align:left;\">\n\t\t<p class=\"subtitle\" style=\"color: #ffffff;\">Online-Formular<\/p>\n\t\t<div class=\"description\" style=\"color: #ffffff;\"><p>Sie k\u00f6nnen das Kontaktformular ausf\u00fcllen, das Sie finden<strong><em><span style=\"color: #ffffff;\"> <a style=\"color: #ffffff;\" href=\"https:\/\/dreamy-tesla.185-138-42-68.plesk.page\/epikoinonia\/\">hier<\/a><\/span><\/em><\/strong><\/p>\n<\/div>\n\t<\/div> [\/vc_column][\/vc_row]<\/p>\n<\/section>","protected":false},"excerpt":{"rendered":"<p>[vc_row css_animation=&#8220;&#8220; css=&#8220;.vc_custom_1526047811183{padding-bottom: 0px !important;}&#8220;][vc_column width=&#8220;1\/6&#8243; css_animation=&#8220;&#8220;][\/vc_column][vc_column width=&#8220;2\/3&#8243; css_animation=&#8220;&#8220; css=&#8220;.vc_custom_1526304946515{padding-right: 5% !important;padding-left: 5% !important;}&#8220;][vc_column_text css_animation=&#8220;&#8220; css=&#8220;.vc_custom_1673963834579{margin-bottom: 0px !important;}&#8220;] Wir laden Sie herzlich ein, uns pers\u00f6nlich kennenzulernen und die faszinierende Welt<br class=\"read-more-spacer\"> <a class=\"more-link\" href=\"https:\/\/manolesakis.gr\/de\/touren\/\">Read More<\/a><\/p>\n","protected":false},"author":2,"featured_media":0,"parent":0,"menu_order":0,"comment_status":"closed","ping_status":"closed","template":"","meta":{"footnotes":""},"class_list":["post-3795","page","type-page","status-publish","hentry"],"acf":[],"yoast_head":"<!-- This site is optimized with the Yoast SEO plugin v26.8 - https:\/\/yoast.com\/product\/yoast-seo-wordpress\/ -->\n<title>TOUREN | \u039a\u03c4\u03ae\u03bc\u03b1 \u039c\u03b1\u03bd\u03c9\u03bb\u03b5\u03c3\u03ac\u03ba\u03b7<\/title>\n<meta name=\"robots\" content=\"index, follow, max-snippet:-1, max-image-preview:large, max-video-preview:-1\" \/>\n<link rel=\"canonical\" href=\"https:\/\/manolesakis.gr\/de\/touren\/\" \/>\n<meta property=\"og:locale\" content=\"de_DE\" \/>\n<meta property=\"og:type\" content=\"article\" \/>\n<meta property=\"og:title\" content=\"TOUREN | \u039a\u03c4\u03ae\u03bc\u03b1 \u039c\u03b1\u03bd\u03c9\u03bb\u03b5\u03c3\u03ac\u03ba\u03b7\" \/>\n<meta property=\"og:description\" content=\"[vc_row css_animation=&#8220;&#8220; css=&#8220;.vc_custom_1526047811183{padding-bottom: 0px !important;}&#8220;][vc_column width=&#8220;1\/6&#8243; css_animation=&#8220;&#8220;][\/vc_column][vc_column width=&#8220;2\/3&#8243; css_animation=&#8220;&#8220; css=&#8220;.vc_custom_1526304946515{padding-right: 5% !important;padding-left: 5% !important;}&#8220;][vc_column_text css_animation=&#8220;&#8220; css=&#8220;.vc_custom_1673963834579{margin-bottom: 0px !important;}&#8220;] Wir laden Sie herzlich ein, uns pers\u00f6nlich kennenzulernen und die faszinierende Welt Read More\" \/>\n<meta property=\"og:url\" content=\"https:\/\/manolesakis.gr\/de\/touren\/\" \/>\n<meta property=\"og:site_name\" content=\"\u039a\u03c4\u03ae\u03bc\u03b1 \u039c\u03b1\u03bd\u03c9\u03bb\u03b5\u03c3\u03ac\u03ba\u03b7\" \/>\n<meta property=\"article:modified_time\" content=\"2024-10-03T21:37:54+00:00\" \/>\n<meta name=\"twitter:card\" content=\"summary_large_image\" \/>\n<meta name=\"twitter:label1\" content=\"Gesch\u00e4tzte Lesezeit\" \/>\n\t<meta name=\"twitter:data1\" content=\"4\u00a0Minuten\" \/>\n<script type=\"application\/ld+json\" class=\"yoast-schema-graph\">{\"@context\":\"https:\/\/schema.org\",\"@graph\":[{\"@type\":\"WebPage\",\"@id\":\"https:\/\/manolesakis.gr\/de\/touren\/\",\"url\":\"https:\/\/manolesakis.gr\/de\/touren\/\",\"name\":\"TOUREN | \u039a\u03c4\u03ae\u03bc\u03b1 \u039c\u03b1\u03bd\u03c9\u03bb\u03b5\u03c3\u03ac\u03ba\u03b7\",\"isPartOf\":{\"@id\":\"https:\/\/manolesakis.gr\/#website\"},\"datePublished\":\"2018-05-21T18:14:40+00:00\",\"dateModified\":\"2024-10-03T21:37:54+00:00\",\"breadcrumb\":{\"@id\":\"https:\/\/manolesakis.gr\/de\/touren\/#breadcrumb\"},\"inLanguage\":\"de\",\"potentialAction\":[{\"@type\":\"ReadAction\",\"target\":[\"https:\/\/manolesakis.gr\/de\/touren\/\"]}]},{\"@type\":\"BreadcrumbList\",\"@id\":\"https:\/\/manolesakis.gr\/de\/touren\/#breadcrumb\",\"itemListElement\":[{\"@type\":\"ListItem\",\"position\":1,\"name\":\"\u0391\u03c1\u03c7\u03b9\u03ba\u03ae\",\"item\":\"https:\/\/manolesakis.gr\/de\/homepage\/\"},{\"@type\":\"ListItem\",\"position\":2,\"name\":\"TOUREN\"}]},{\"@type\":\"WebSite\",\"@id\":\"https:\/\/manolesakis.gr\/#website\",\"url\":\"https:\/\/manolesakis.gr\/\",\"name\":\"\u039a\u03c4\u03ae\u03bc\u03b1 \u039c\u03b1\u03bd\u03c9\u03bb\u03b5\u03c3\u03ac\u03ba\u03b7\",\"description\":\"\",\"publisher\":{\"@id\":\"https:\/\/manolesakis.gr\/#organization\"},\"potentialAction\":[{\"@type\":\"SearchAction\",\"target\":{\"@type\":\"EntryPoint\",\"urlTemplate\":\"https:\/\/manolesakis.gr\/?s={search_term_string}\"},\"query-input\":{\"@type\":\"PropertyValueSpecification\",\"valueRequired\":true,\"valueName\":\"search_term_string\"}}],\"inLanguage\":\"de\"},{\"@type\":\"Organization\",\"@id\":\"https:\/\/manolesakis.gr\/#organization\",\"name\":\"\u039a\u03c4\u03ae\u03bc\u03b1 \u039c\u03b1\u03bd\u03c9\u03bb\u03b5\u03c3\u03ac\u03ba\u03b7\",\"url\":\"https:\/\/manolesakis.gr\/\",\"logo\":{\"@type\":\"ImageObject\",\"inLanguage\":\"de\",\"@id\":\"https:\/\/manolesakis.gr\/#\/schema\/logo\/image\/\",\"url\":\"https:\/\/manolesakis.gr\/wp-content\/uploads\/2023\/01\/ESTATE-MANOLESAKIS.png\",\"contentUrl\":\"https:\/\/manolesakis.gr\/wp-content\/uploads\/2023\/01\/ESTATE-MANOLESAKIS.png\",\"width\":145,\"height\":145,\"caption\":\"\u039a\u03c4\u03ae\u03bc\u03b1 \u039c\u03b1\u03bd\u03c9\u03bb\u03b5\u03c3\u03ac\u03ba\u03b7\"},\"image\":{\"@id\":\"https:\/\/manolesakis.gr\/#\/schema\/logo\/image\/\"}}]}<\/script>\n<!-- \/ Yoast SEO plugin. -->","yoast_head_json":{"title":"TOUREN | \u039a\u03c4\u03ae\u03bc\u03b1 \u039c\u03b1\u03bd\u03c9\u03bb\u03b5\u03c3\u03ac\u03ba\u03b7","robots":{"index":"index","follow":"follow","max-snippet":"max-snippet:-1","max-image-preview":"max-image-preview:large","max-video-preview":"max-video-preview:-1"},"canonical":"https:\/\/manolesakis.gr\/de\/touren\/","og_locale":"de_DE","og_type":"article","og_title":"TOUREN | \u039a\u03c4\u03ae\u03bc\u03b1 \u039c\u03b1\u03bd\u03c9\u03bb\u03b5\u03c3\u03ac\u03ba\u03b7","og_description":"[vc_row css_animation=&#8220;&#8220; css=&#8220;.vc_custom_1526047811183{padding-bottom: 0px !important;}&#8220;][vc_column width=&#8220;1\/6&#8243; css_animation=&#8220;&#8220;][\/vc_column][vc_column width=&#8220;2\/3&#8243; css_animation=&#8220;&#8220; css=&#8220;.vc_custom_1526304946515{padding-right: 5% !important;padding-left: 5% !important;}&#8220;][vc_column_text css_animation=&#8220;&#8220; css=&#8220;.vc_custom_1673963834579{margin-bottom: 0px !important;}&#8220;] Wir laden Sie herzlich ein, uns pers\u00f6nlich kennenzulernen und die faszinierende Welt Read More","og_url":"https:\/\/manolesakis.gr\/de\/touren\/","og_site_name":"\u039a\u03c4\u03ae\u03bc\u03b1 \u039c\u03b1\u03bd\u03c9\u03bb\u03b5\u03c3\u03ac\u03ba\u03b7","article_modified_time":"2024-10-03T21:37:54+00:00","twitter_card":"summary_large_image","twitter_misc":{"Gesch\u00e4tzte Lesezeit":"4\u00a0Minuten"},"schema":{"@context":"https:\/\/schema.org","@graph":[{"@type":"WebPage","@id":"https:\/\/manolesakis.gr\/de\/touren\/","url":"https:\/\/manolesakis.gr\/de\/touren\/","name":"TOUREN | \u039a\u03c4\u03ae\u03bc\u03b1 \u039c\u03b1\u03bd\u03c9\u03bb\u03b5\u03c3\u03ac\u03ba\u03b7","isPartOf":{"@id":"https:\/\/manolesakis.gr\/#website"},"datePublished":"2018-05-21T18:14:40+00:00","dateModified":"2024-10-03T21:37:54+00:00","breadcrumb":{"@id":"https:\/\/manolesakis.gr\/de\/touren\/#breadcrumb"},"inLanguage":"de","potentialAction":[{"@type":"ReadAction","target":["https:\/\/manolesakis.gr\/de\/touren\/"]}]},{"@type":"BreadcrumbList","@id":"https:\/\/manolesakis.gr\/de\/touren\/#breadcrumb","itemListElement":[{"@type":"ListItem","position":1,"name":"\u0391\u03c1\u03c7\u03b9\u03ba\u03ae","item":"https:\/\/manolesakis.gr\/de\/homepage\/"},{"@type":"ListItem","position":2,"name":"TOUREN"}]},{"@type":"WebSite","@id":"https:\/\/manolesakis.gr\/#website","url":"https:\/\/manolesakis.gr\/","name":"\u039a\u03c4\u03ae\u03bc\u03b1 \u039c\u03b1\u03bd\u03c9\u03bb\u03b5\u03c3\u03ac\u03ba\u03b7","description":"","publisher":{"@id":"https:\/\/manolesakis.gr\/#organization"},"potentialAction":[{"@type":"SearchAction","target":{"@type":"EntryPoint","urlTemplate":"https:\/\/manolesakis.gr\/?s={search_term_string}"},"query-input":{"@type":"PropertyValueSpecification","valueRequired":true,"valueName":"search_term_string"}}],"inLanguage":"de"},{"@type":"Organization","@id":"https:\/\/manolesakis.gr\/#organization","name":"\u039a\u03c4\u03ae\u03bc\u03b1 \u039c\u03b1\u03bd\u03c9\u03bb\u03b5\u03c3\u03ac\u03ba\u03b7","url":"https:\/\/manolesakis.gr\/","logo":{"@type":"ImageObject","inLanguage":"de","@id":"https:\/\/manolesakis.gr\/#\/schema\/logo\/image\/","url":"https:\/\/manolesakis.gr\/wp-content\/uploads\/2023\/01\/ESTATE-MANOLESAKIS.png","contentUrl":"https:\/\/manolesakis.gr\/wp-content\/uploads\/2023\/01\/ESTATE-MANOLESAKIS.png","width":145,"height":145,"caption":"\u039a\u03c4\u03ae\u03bc\u03b1 \u039c\u03b1\u03bd\u03c9\u03bb\u03b5\u03c3\u03ac\u03ba\u03b7"},"image":{"@id":"https:\/\/manolesakis.gr\/#\/schema\/logo\/image\/"}}]}},"_links":{"self":[{"href":"https:\/\/manolesakis.gr\/de\/wp-json\/wp\/v2\/pages\/3795","targetHints":{"allow":["GET"]}}],"collection":[{"href":"https:\/\/manolesakis.gr\/de\/wp-json\/wp\/v2\/pages"}],"about":[{"href":"https:\/\/manolesakis.gr\/de\/wp-json\/wp\/v2\/types\/page"}],"author":[{"embeddable":true,"href":"https:\/\/manolesakis.gr\/de\/wp-json\/wp\/v2\/users\/2"}],"replies":[{"embeddable":true,"href":"https:\/\/manolesakis.gr\/de\/wp-json\/wp\/v2\/comments?post=3795"}],"version-history":[{"count":4,"href":"https:\/\/manolesakis.gr\/de\/wp-json\/wp\/v2\/pages\/3795\/revisions"}],"predecessor-version":[{"id":3915,"href":"https:\/\/manolesakis.gr\/de\/wp-json\/wp\/v2\/pages\/3795\/revisions\/3915"}],"wp:attachment":[{"href":"https:\/\/manolesakis.gr\/de\/wp-json\/wp\/v2\/media?parent=3795"}],"curies":[{"name":"wp","href":"https:\/\/api.w.org\/{rel}","templated":true}]}}