{"id":3785,"date":"2016-03-15T14:31:38","date_gmt":"2016-03-15T14:31:38","guid":{"rendered":"https:\/\/manolesakis.gr\/geschichte\/"},"modified":"2024-10-03T21:34:08","modified_gmt":"2024-10-03T21:34:08","slug":"geschichte","status":"publish","type":"page","link":"https:\/\/manolesakis.gr\/de\/geschichte\/","title":{"rendered":"GESCHICHTE"},"content":{"rendered":"<section class=\"wpb-content-wrapper\"><p>[vc_row full_width=&#8220;stretch_row&#8220; css_animation=&#8220;&#8220; css=&#8220;.vc_custom_1635865207050{padding-top: 120px !important;background-image: url(https:\/\/okthemes.com\/villenoirdarkdemo\/wp-content\/uploads\/2021\/11\/our-story-back-image-dark-v2.jpg?id=2480) !important;background-position: center !important;background-repeat: no-repeat !important;background-size: cover !important;}&#8220; el_class=&#8220;gg-force-background-bottom&#8220;][vc_column width=&#8220;1\/2&#8243; css_animation=&#8220;&#8220;][vc_column_text css_animation=&#8220;&#8220;]<\/p>\n<h2>Zusammenfassung<\/h2>\n<p>MANOLESAKIS ESTATE, im Besitz der Familie Manolesaki, ist seit 1989 im Weinbau t\u00e4tig. Diese bedeutende Phase begann mit der Anlage des Weinguts in der Region Adriani in Drama, wo kosmopolitische franz\u00f6sische Rebsorten wie Sauvignon Blanc, Chardonnay, Cabernet Sauvignon, Merlot und Syrah angebaut werden.<\/p>\n<h2>Die Gr\u00fcnder<\/h2>\n<p>Giorgos Manolesakis war einer der ersten, der den Weinbau in dieser historischen Region wiederbelebte. Unterst\u00fctzt von seinem Sohn Stavros Manolesakis, engagiert er sich pers\u00f6nlich in allen Arbeiten rund um den Weinanbau und die Produktion auf dem Weingut. Ihr Ziel ist es, die Besonderheiten des Mikroklimas (Terroir) der Region zu bewahren und gleichzeitig den Weinbau- und Produktionsprozess zu optimieren.[\/vc_column_text][\/vc_column][vc_column width=&#8220;1\/2&#8243; css_animation=&#8220;&#8220;]\n\t<div class=\"title-subtitle-box  vc_custom_1674827511847\" style=\" padding: 90px 0 0 0px; text-align: center;\">\n\t\t<p  style=\"\">Manolesakis Estate<\/p>\n\t\t<h1 style=\" font-style: normal;\">Die Kultur des Vergn\u00fcgens<\/h1>\n\t<\/div> [\/vc_column][\/vc_row][vc_row full_width=&#8220;stretch_row&#8220; css_animation=&#8220;&#8220; css=&#8220;.vc_custom_1635865145938{background-image: url(https:\/\/okthemes.com\/villenoirdarkdemo\/wp-content\/uploads\/2021\/11\/our-story-back-image-2-dark-v2.jpg?id=2473) !important;background-position: 0 0 !important;background-repeat: no-repeat !important;}&#8220; el_class=&#8220;gg-force-background-bottom-no-cover&#8220;][vc_column width=&#8220;1\/3&#8243; css_animation=&#8220;&#8220;][\/vc_column][vc_column width=&#8220;1\/3&#8243; css_animation=&#8220;&#8220; css=&#8220;.vc_custom_1458310150528{padding-right: 5% !important;padding-left: 5% !important;}&#8220;]\n\t<div class=\"title-subtitle-box  \" style=\" text-align: left;\">\n\t\t<p  style=\"\">Start<\/p>\n\t<\/div> [vc_column_text css_animation=&#8220;&#8220;]1998 wurden moderne Weinproduktionsanlagen auf einer Fl\u00e4che von 1500 qm im Herzen des 200 Hektar gro\u00dfen privaten Weinguts an den H\u00e4ngen von Adriani, nur wenige Kilometer au\u00dferhalb der Stadt Drama, fertiggestellt.[\/vc_column_text][\/vc_column][vc_column width=&#8220;1\/3&#8243; css_animation=&#8220;&#8220;]\n\t<div class=\"title-subtitle-box  \" style=\" text-align: left;\">\n\t\t<p  style=\"\">Erweiterung<\/p>\n\t<\/div> [vc_column_text css_animation=&#8220;&#8220;]2004 f\u00fchrte die kontinuierliche Suche zur Einf\u00fchrung neuer Kulturen mit griechischen einheimischen Sorten wie Malagouzia, Moschato Alexandria, Assyrtiko und Agiorgitiko. Im Jahr 2008 kamen die griechischen Sorten Moschomavro und Limnio hinzu, gefolgt von Pinot Noir im Jahr 2014.[\/vc_column_text]\n\t<div class=\"title-subtitle-box  vc_custom_1673437583730\" style=\" padding: 25px 0 0 0px; text-align: left;\">\n\t\t<p  style=\"\">Ziel<\/p>\n\t<\/div> [vc_column_text css_animation=&#8220;&#8220;]Das Ziel des Weinguts ist es, hochwertige Weine ausschlie\u00dflich aus dem eigenen Weingut zu produzieren. Dabei sollen die einzigartigen Eigenschaften jeder Sorte in absoluter Harmonie mit dem Mikroklima und dem Boden der Weing\u00fcter hervorgehoben werden.[\/vc_column_text][\/vc_column][\/vc_row][vc_row full_width=&#8220;stretch_row&#8220; css_animation=&#8220;&#8220; css=&#8220;.vc_custom_1635864896750{background-color: #121212 !important;}&#8220;][vc_column css_animation=&#8220;&#8220;]\n\t<div class=\"title-subtitle-box  vc_custom_1673437736970\" style=\" margin-bottom:90px; text-align: left;\">\n\t\t<p  style=\"\">Manolesakis Estate<\/p>\n\t\t<h1 style=\" font-style: normal;\">Historische Meilensteine...<\/h1>\n\t<\/div> <section id=\"cd-timeline\" class=\"cd-container horizontal\">\n\t<div class=\"cd-timeline-block\">\n\t\t<div class=\"cd-timeline-img cd-picture kd-animated \">\n\t\t<img decoding=\"async\" src=\"https:\/\/manolesakis.gr\/wp-content\/themes\/villenoir\/images\/cd-icon-location.svg\" alt=\"Location\">\n\t\t<\/div>\n\t\t<div class=\"cd-timeline-content kd-animated \">\n\t\t <img decoding=\"async\" class=\"wp-post-image \" src=\"https:\/\/manolesakis.gr\/wp-content\/uploads\/2023\/11\/M0A0694.jpg\" alt=\"\" \/> \n\t\t<div class=\"cd-timeline-content-wrapper\">\n\t\t<p class=\"cd-title\">GR\u00dcNDUNG<\/p>\n\t\t<p>Eine Schl\u00fcsselperiode, die mit dem Beginn des Weinguts im Gebiet Adriani in Drama zusammenf\u00e4llt.<\/p>\n\t\t<h4 class=\"cd-date\">1989<\/h4>\n\t\t<\/div>\n\t\t<\/div>\n\t<\/div>\n\t<div class=\"cd-timeline-block\">\n\t\t<div class=\"cd-timeline-img cd-picture kd-animated \">\n\t\t<img decoding=\"async\" src=\"https:\/\/manolesakis.gr\/wp-content\/themes\/villenoir\/images\/cd-icon-location.svg\" alt=\"Location\">\n\t\t<\/div>\n\t\t<div class=\"cd-timeline-content kd-animated \">\n\t\t <img decoding=\"async\" class=\"wp-post-image \" src=\"https:\/\/manolesakis.gr\/wp-content\/uploads\/2023\/11\/blueeye-0303.jpg\" alt=\"\" \/> \n\t\t<div class=\"cd-timeline-content-wrapper\">\n\t\t<p class=\"cd-title\">WEINKELLEREI<\/p>\n\t\t<p>1998 wurden die Einrichtungen der Weinkellerei mit einer hochmodernen Weinerzeugungseinheit von 1500 qm fertiggestellt.<\/p>\n\t\t<h4 class=\"cd-date\">1998<\/h4>\n\t\t<\/div>\n\t\t<\/div>\n\t<\/div>\n\t<div class=\"cd-timeline-block\">\n\t\t<div class=\"cd-timeline-img cd-picture kd-animated \">\n\t\t<img decoding=\"async\" src=\"https:\/\/manolesakis.gr\/wp-content\/themes\/villenoir\/images\/cd-icon-location.svg\" alt=\"Location\">\n\t\t<\/div>\n\t\t<div class=\"cd-timeline-content kd-animated \">\n\t\t <img decoding=\"async\" class=\"wp-post-image \" src=\"https:\/\/manolesakis.gr\/wp-content\/uploads\/2023\/11\/M0A0909.jpg\" alt=\"\" \/> \n\t\t<div class=\"cd-timeline-content-wrapper\">\n\t\t<p class=\"cd-title\">NEUE ANBAUFL\u00c4CHEN<\/p>\n\t\t<p>Im Jahr 2004 f\u00fchrte die st\u00e4ndige Suche zu neuen Anbaufl\u00e4chen f\u00fcr griechische Rebsorten wie Malagouzia, Moschato von Alexandria, Assyrtiko und Agiorgitiko.<br \/>\n<\/p>\n\t\t<h4 class=\"cd-date\">2004<\/h4>\n\t\t<\/div>\n\t\t<\/div>\n\t<\/div>\n\t<div class=\"cd-timeline-block\">\n\t\t<div class=\"cd-timeline-img cd-picture kd-animated \">\n\t\t<img decoding=\"async\" src=\"https:\/\/manolesakis.gr\/wp-content\/themes\/villenoir\/images\/cd-icon-location.svg\" alt=\"Location\">\n\t\t<\/div>\n\t\t<div class=\"cd-timeline-content kd-animated \">\n\t\t <img decoding=\"async\" class=\"wp-post-image \" src=\"https:\/\/manolesakis.gr\/wp-content\/uploads\/2023\/11\/W8A4859.jpg\" alt=\"\" \/> \n\t\t<div class=\"cd-timeline-content-wrapper\">\n\t\t<p class=\"cd-title\">WEITERE ERWEITERUNG<\/p>\n\t\t<p>Im Jahr 2008 kamen die griechischen Rebsorten Moschomavro und Limnio hinzu, und im Jahr 2014 wurde die Sorte Pinot Noir eingef\u00fchrt.<\/p>\n\t\t<h4 class=\"cd-date\">2008<\/h4>\n\t\t<\/div>\n\t\t<\/div>\n\t<\/div><\/section>[\/vc_column][\/vc_row]<\/p>\n<\/section>","protected":false},"excerpt":{"rendered":"<p>[vc_row full_width=&#8220;stretch_row&#8220; css_animation=&#8220;&#8220; css=&#8220;.vc_custom_1635865207050{padding-top: 120px !important;background-image: url(https:\/\/okthemes.com\/villenoirdarkdemo\/wp-content\/uploads\/2021\/11\/our-story-back-image-dark-v2.jpg?id=2480) !important;background-position: center !important;background-repeat: no-repeat !important;background-size: cover !important;}&#8220; el_class=&#8220;gg-force-background-bottom&#8220;][vc_column width=&#8220;1\/2&#8243; css_animation=&#8220;&#8220;][vc_column_text css_animation=&#8220;&#8220;] Zusammenfassung MANOLESAKIS ESTATE, im Besitz der Familie Manolesaki, ist seit 1989 im<br class=\"read-more-spacer\"> <a class=\"more-link\" href=\"https:\/\/manolesakis.gr\/de\/geschichte\/\">Read More<\/a><\/p>\n","protected":false},"author":2,"featured_media":0,"parent":0,"menu_order":0,"comment_status":"closed","ping_status":"closed","template":"","meta":{"footnotes":""},"class_list":["post-3785","page","type-page","status-publish","hentry"],"acf":[],"yoast_head":"<!-- This site is optimized with the Yoast SEO plugin v26.8 - https:\/\/yoast.com\/product\/yoast-seo-wordpress\/ -->\n<title>GESCHICHTE | \u039a\u03c4\u03ae\u03bc\u03b1 \u039c\u03b1\u03bd\u03c9\u03bb\u03b5\u03c3\u03ac\u03ba\u03b7<\/title>\n<meta name=\"robots\" content=\"index, follow, max-snippet:-1, max-image-preview:large, max-video-preview:-1\" \/>\n<link rel=\"canonical\" href=\"https:\/\/manolesakis.gr\/de\/geschichte\/\" \/>\n<meta property=\"og:locale\" content=\"de_DE\" \/>\n<meta property=\"og:type\" content=\"article\" \/>\n<meta property=\"og:title\" content=\"GESCHICHTE | \u039a\u03c4\u03ae\u03bc\u03b1 \u039c\u03b1\u03bd\u03c9\u03bb\u03b5\u03c3\u03ac\u03ba\u03b7\" \/>\n<meta property=\"og:description\" content=\"[vc_row full_width=&#8220;stretch_row&#8220; css_animation=&#8220;&#8220; css=&#8220;.vc_custom_1635865207050{padding-top: 120px !important;background-image: url(https:\/\/okthemes.com\/villenoirdarkdemo\/wp-content\/uploads\/2021\/11\/our-story-back-image-dark-v2.jpg?id=2480) !important;background-position: center !important;background-repeat: no-repeat !important;background-size: cover !important;}&#8220; el_class=&#8220;gg-force-background-bottom&#8220;][vc_column width=&#8220;1\/2&#8243; css_animation=&#8220;&#8220;][vc_column_text css_animation=&#8220;&#8220;] Zusammenfassung MANOLESAKIS ESTATE, im Besitz der Familie Manolesaki, ist seit 1989 im Read More\" \/>\n<meta property=\"og:url\" content=\"https:\/\/manolesakis.gr\/de\/geschichte\/\" \/>\n<meta property=\"og:site_name\" content=\"\u039a\u03c4\u03ae\u03bc\u03b1 \u039c\u03b1\u03bd\u03c9\u03bb\u03b5\u03c3\u03ac\u03ba\u03b7\" \/>\n<meta property=\"article:modified_time\" content=\"2024-10-03T21:34:08+00:00\" \/>\n<meta name=\"twitter:card\" content=\"summary_large_image\" \/>\n<meta name=\"twitter:label1\" content=\"Gesch\u00e4tzte Lesezeit\" \/>\n\t<meta name=\"twitter:data1\" content=\"3\u00a0Minuten\" \/>\n<script type=\"application\/ld+json\" class=\"yoast-schema-graph\">{\"@context\":\"https:\/\/schema.org\",\"@graph\":[{\"@type\":\"WebPage\",\"@id\":\"https:\/\/manolesakis.gr\/de\/geschichte\/\",\"url\":\"https:\/\/manolesakis.gr\/de\/geschichte\/\",\"name\":\"GESCHICHTE | \u039a\u03c4\u03ae\u03bc\u03b1 \u039c\u03b1\u03bd\u03c9\u03bb\u03b5\u03c3\u03ac\u03ba\u03b7\",\"isPartOf\":{\"@id\":\"https:\/\/manolesakis.gr\/#website\"},\"datePublished\":\"2016-03-15T14:31:38+00:00\",\"dateModified\":\"2024-10-03T21:34:08+00:00\",\"breadcrumb\":{\"@id\":\"https:\/\/manolesakis.gr\/de\/geschichte\/#breadcrumb\"},\"inLanguage\":\"de\",\"potentialAction\":[{\"@type\":\"ReadAction\",\"target\":[\"https:\/\/manolesakis.gr\/de\/geschichte\/\"]}]},{\"@type\":\"BreadcrumbList\",\"@id\":\"https:\/\/manolesakis.gr\/de\/geschichte\/#breadcrumb\",\"itemListElement\":[{\"@type\":\"ListItem\",\"position\":1,\"name\":\"\u0391\u03c1\u03c7\u03b9\u03ba\u03ae\",\"item\":\"https:\/\/manolesakis.gr\/de\/homepage\/\"},{\"@type\":\"ListItem\",\"position\":2,\"name\":\"GESCHICHTE\"}]},{\"@type\":\"WebSite\",\"@id\":\"https:\/\/manolesakis.gr\/#website\",\"url\":\"https:\/\/manolesakis.gr\/\",\"name\":\"\u039a\u03c4\u03ae\u03bc\u03b1 \u039c\u03b1\u03bd\u03c9\u03bb\u03b5\u03c3\u03ac\u03ba\u03b7\",\"description\":\"\",\"publisher\":{\"@id\":\"https:\/\/manolesakis.gr\/#organization\"},\"potentialAction\":[{\"@type\":\"SearchAction\",\"target\":{\"@type\":\"EntryPoint\",\"urlTemplate\":\"https:\/\/manolesakis.gr\/?s={search_term_string}\"},\"query-input\":{\"@type\":\"PropertyValueSpecification\",\"valueRequired\":true,\"valueName\":\"search_term_string\"}}],\"inLanguage\":\"de\"},{\"@type\":\"Organization\",\"@id\":\"https:\/\/manolesakis.gr\/#organization\",\"name\":\"\u039a\u03c4\u03ae\u03bc\u03b1 \u039c\u03b1\u03bd\u03c9\u03bb\u03b5\u03c3\u03ac\u03ba\u03b7\",\"url\":\"https:\/\/manolesakis.gr\/\",\"logo\":{\"@type\":\"ImageObject\",\"inLanguage\":\"de\",\"@id\":\"https:\/\/manolesakis.gr\/#\/schema\/logo\/image\/\",\"url\":\"https:\/\/manolesakis.gr\/wp-content\/uploads\/2023\/01\/ESTATE-MANOLESAKIS.png\",\"contentUrl\":\"https:\/\/manolesakis.gr\/wp-content\/uploads\/2023\/01\/ESTATE-MANOLESAKIS.png\",\"width\":145,\"height\":145,\"caption\":\"\u039a\u03c4\u03ae\u03bc\u03b1 \u039c\u03b1\u03bd\u03c9\u03bb\u03b5\u03c3\u03ac\u03ba\u03b7\"},\"image\":{\"@id\":\"https:\/\/manolesakis.gr\/#\/schema\/logo\/image\/\"}}]}<\/script>\n<!-- \/ Yoast SEO plugin. -->","yoast_head_json":{"title":"GESCHICHTE | \u039a\u03c4\u03ae\u03bc\u03b1 \u039c\u03b1\u03bd\u03c9\u03bb\u03b5\u03c3\u03ac\u03ba\u03b7","robots":{"index":"index","follow":"follow","max-snippet":"max-snippet:-1","max-image-preview":"max-image-preview:large","max-video-preview":"max-video-preview:-1"},"canonical":"https:\/\/manolesakis.gr\/de\/geschichte\/","og_locale":"de_DE","og_type":"article","og_title":"GESCHICHTE | \u039a\u03c4\u03ae\u03bc\u03b1 \u039c\u03b1\u03bd\u03c9\u03bb\u03b5\u03c3\u03ac\u03ba\u03b7","og_description":"[vc_row full_width=&#8220;stretch_row&#8220; css_animation=&#8220;&#8220; css=&#8220;.vc_custom_1635865207050{padding-top: 120px !important;background-image: url(https:\/\/okthemes.com\/villenoirdarkdemo\/wp-content\/uploads\/2021\/11\/our-story-back-image-dark-v2.jpg?id=2480) !important;background-position: center !important;background-repeat: no-repeat !important;background-size: cover !important;}&#8220; el_class=&#8220;gg-force-background-bottom&#8220;][vc_column width=&#8220;1\/2&#8243; css_animation=&#8220;&#8220;][vc_column_text css_animation=&#8220;&#8220;] Zusammenfassung MANOLESAKIS ESTATE, im Besitz der Familie Manolesaki, ist seit 1989 im Read More","og_url":"https:\/\/manolesakis.gr\/de\/geschichte\/","og_site_name":"\u039a\u03c4\u03ae\u03bc\u03b1 \u039c\u03b1\u03bd\u03c9\u03bb\u03b5\u03c3\u03ac\u03ba\u03b7","article_modified_time":"2024-10-03T21:34:08+00:00","twitter_card":"summary_large_image","twitter_misc":{"Gesch\u00e4tzte Lesezeit":"3\u00a0Minuten"},"schema":{"@context":"https:\/\/schema.org","@graph":[{"@type":"WebPage","@id":"https:\/\/manolesakis.gr\/de\/geschichte\/","url":"https:\/\/manolesakis.gr\/de\/geschichte\/","name":"GESCHICHTE | \u039a\u03c4\u03ae\u03bc\u03b1 \u039c\u03b1\u03bd\u03c9\u03bb\u03b5\u03c3\u03ac\u03ba\u03b7","isPartOf":{"@id":"https:\/\/manolesakis.gr\/#website"},"datePublished":"2016-03-15T14:31:38+00:00","dateModified":"2024-10-03T21:34:08+00:00","breadcrumb":{"@id":"https:\/\/manolesakis.gr\/de\/geschichte\/#breadcrumb"},"inLanguage":"de","potentialAction":[{"@type":"ReadAction","target":["https:\/\/manolesakis.gr\/de\/geschichte\/"]}]},{"@type":"BreadcrumbList","@id":"https:\/\/manolesakis.gr\/de\/geschichte\/#breadcrumb","itemListElement":[{"@type":"ListItem","position":1,"name":"\u0391\u03c1\u03c7\u03b9\u03ba\u03ae","item":"https:\/\/manolesakis.gr\/de\/homepage\/"},{"@type":"ListItem","position":2,"name":"GESCHICHTE"}]},{"@type":"WebSite","@id":"https:\/\/manolesakis.gr\/#website","url":"https:\/\/manolesakis.gr\/","name":"\u039a\u03c4\u03ae\u03bc\u03b1 \u039c\u03b1\u03bd\u03c9\u03bb\u03b5\u03c3\u03ac\u03ba\u03b7","description":"","publisher":{"@id":"https:\/\/manolesakis.gr\/#organization"},"potentialAction":[{"@type":"SearchAction","target":{"@type":"EntryPoint","urlTemplate":"https:\/\/manolesakis.gr\/?s={search_term_string}"},"query-input":{"@type":"PropertyValueSpecification","valueRequired":true,"valueName":"search_term_string"}}],"inLanguage":"de"},{"@type":"Organization","@id":"https:\/\/manolesakis.gr\/#organization","name":"\u039a\u03c4\u03ae\u03bc\u03b1 \u039c\u03b1\u03bd\u03c9\u03bb\u03b5\u03c3\u03ac\u03ba\u03b7","url":"https:\/\/manolesakis.gr\/","logo":{"@type":"ImageObject","inLanguage":"de","@id":"https:\/\/manolesakis.gr\/#\/schema\/logo\/image\/","url":"https:\/\/manolesakis.gr\/wp-content\/uploads\/2023\/01\/ESTATE-MANOLESAKIS.png","contentUrl":"https:\/\/manolesakis.gr\/wp-content\/uploads\/2023\/01\/ESTATE-MANOLESAKIS.png","width":145,"height":145,"caption":"\u039a\u03c4\u03ae\u03bc\u03b1 \u039c\u03b1\u03bd\u03c9\u03bb\u03b5\u03c3\u03ac\u03ba\u03b7"},"image":{"@id":"https:\/\/manolesakis.gr\/#\/schema\/logo\/image\/"}}]}},"_links":{"self":[{"href":"https:\/\/manolesakis.gr\/de\/wp-json\/wp\/v2\/pages\/3785","targetHints":{"allow":["GET"]}}],"collection":[{"href":"https:\/\/manolesakis.gr\/de\/wp-json\/wp\/v2\/pages"}],"about":[{"href":"https:\/\/manolesakis.gr\/de\/wp-json\/wp\/v2\/types\/page"}],"author":[{"embeddable":true,"href":"https:\/\/manolesakis.gr\/de\/wp-json\/wp\/v2\/users\/2"}],"replies":[{"embeddable":true,"href":"https:\/\/manolesakis.gr\/de\/wp-json\/wp\/v2\/comments?post=3785"}],"version-history":[{"count":5,"href":"https:\/\/manolesakis.gr\/de\/wp-json\/wp\/v2\/pages\/3785\/revisions"}],"predecessor-version":[{"id":3913,"href":"https:\/\/manolesakis.gr\/de\/wp-json\/wp\/v2\/pages\/3785\/revisions\/3913"}],"wp:attachment":[{"href":"https:\/\/manolesakis.gr\/de\/wp-json\/wp\/v2\/media?parent=3785"}],"curies":[{"name":"wp","href":"https:\/\/api.w.org\/{rel}","templated":true}]}}